{"id":1120,"date":"2024-04-12T19:46:51","date_gmt":"2024-04-12T19:46:51","guid":{"rendered":"https:\/\/taluinsaat.com\/?page_id=1120"},"modified":"2024-04-12T19:48:18","modified_gmt":"2024-04-12T19:48:18","slug":"bizden-haberler","status":"publish","type":"page","link":"https:\/\/taluinsaat.com\/?page_id=1120","title":{"rendered":"Bizden Haberler"},"content":{"rendered":"<section class=\"l-section wpb_row height_medium\"><div class=\"l-section-h i-cf\"><div class=\"g-cols vc_row via_grid cols_1 laptops-cols_inherit tablets-cols_inherit mobiles-cols_1 valign_top type_default stacking_default\"><div class=\"wpb_column vc_column_container\"><div class=\"vc_column-inner\"><div class=\"w-grid type_grid layout_1110 cols_2 overflow_hidden\" id=\"us_grid_1\" style=\"--gap:0.5rem;\" data-filterable=\"true\"><style>@media (max-width:600px){#us_grid_1 .w-grid-list{margin:0}#us_grid_1 .w-grid-item{width:100%;padding:0;margin-bottom:var(--gap,0px)}}.layout_1110 .w-grid-item-h{background:var(--color-content-bg);color:var(--color-content-heading);border-radius:0.3rem;box-shadow:0 0.03rem 0.06rem rgba(0,0,0,0.1),0 0.1rem 0.3rem rgba(0,0,0,0.1);transition-duration:0.3s}.no-touch .layout_1110 .w-grid-item-h:hover{box-shadow:0 0.12rem 0.24rem rgba(0,0,0,0.1),0 0.4rem 1.2rem rgba(0,0,0,0.15);z-index:4}.layout_1110 .usg_vwrapper_1{padding:5% 8% 8% 8%!important}.layout_1110 .usg_post_title_1{color:inherit!important;font-weight:700!important;font-size:1.4rem!important}@media (max-width:600px){.layout_1110 .usg_post_title_1{font-size:1.2rem!important}}<\/style><div class=\"w-grid-list\">\t<article class=\"w-grid-item size_1x1 post-1108 post type-post status-publish format-standard has-post-thumbnail hentry category-uncategorized-en\" data-id=\"1108\">\r\n\t\t<div class=\"w-grid-item-h\">\r\n\t\t\t\t\t\t<div class=\"w-post-elm post_image usg_post_image_1 has_ratio\"><a href=\"https:\/\/taluinsaat.com\/?p=1108&amp;lang=en\" aria-label=\"World Pipeline March 2024\"><img loading=\"lazy\" decoding=\"async\" width=\"724\" height=\"1024\" src=\"https:\/\/taluinsaat.com\/wp-content\/uploads\/2024\/04\/Dergi_Sayfa_1-724x1024.jpg\" class=\"attachment-large size-large wp-post-image\" alt=\"\" srcset=\"https:\/\/taluinsaat.com\/wp-content\/uploads\/2024\/04\/Dergi_Sayfa_1-724x1024.jpg 724w, https:\/\/taluinsaat.com\/wp-content\/uploads\/2024\/04\/Dergi_Sayfa_1-212x300.jpg 212w, https:\/\/taluinsaat.com\/wp-content\/uploads\/2024\/04\/Dergi_Sayfa_1-scaled.jpg 1811w\" sizes=\"auto, (max-width: 724px) 100vw, 724px\" \/><\/a><div style=\"padding-bottom:56.25%\"><\/div><\/div><div class=\"w-vwrapper usg_vwrapper_1 align_none valign_top\"><h2 class=\"w-post-elm post_title usg_post_title_1 has_text_color entry-title color_link_inherit\"><a href=\"https:\/\/taluinsaat.com\/?p=1108&amp;lang=en\">World Pipeline March 2024<\/a><\/h2><\/div>\t\t<\/div>\r\n\t\t\t<\/article>\r\n\t<article class=\"w-grid-item size_1x1 post-1101 post type-post status-publish format-standard has-post-thumbnail hentry category-uncategorized\" data-id=\"1101\">\r\n\t\t<div class=\"w-grid-item-h\">\r\n\t\t\t\t\t\t<div class=\"w-post-elm post_image usg_post_image_1 has_ratio\"><a href=\"https:\/\/taluinsaat.com\/?p=1101\" aria-label=\"World Pipeline Dergisi Mart 2024 Say\u0131s\u0131\"><img loading=\"lazy\" decoding=\"async\" width=\"724\" height=\"1024\" src=\"https:\/\/taluinsaat.com\/wp-content\/uploads\/2024\/04\/Dergi_Sayfa_1-724x1024.jpg\" class=\"attachment-large size-large wp-post-image\" alt=\"\" srcset=\"https:\/\/taluinsaat.com\/wp-content\/uploads\/2024\/04\/Dergi_Sayfa_1-724x1024.jpg 724w, https:\/\/taluinsaat.com\/wp-content\/uploads\/2024\/04\/Dergi_Sayfa_1-212x300.jpg 212w, https:\/\/taluinsaat.com\/wp-content\/uploads\/2024\/04\/Dergi_Sayfa_1-scaled.jpg 1811w\" sizes=\"auto, (max-width: 724px) 100vw, 724px\" \/><\/a><div style=\"padding-bottom:56.25%\"><\/div><\/div><div class=\"w-vwrapper usg_vwrapper_1 align_none valign_top\"><h2 class=\"w-post-elm post_title usg_post_title_1 has_text_color entry-title color_link_inherit\"><a href=\"https:\/\/taluinsaat.com\/?p=1101\">World Pipeline Dergisi Mart 2024 Say\u0131s\u0131<\/a><\/h2><\/div>\t\t<\/div>\r\n\t\t\t<\/article>\r\n\t<article class=\"w-grid-item size_1x1 post-1099 post type-post status-publish format-standard has-post-thumbnail hentry category-uncategorized-en\" data-id=\"1099\">\r\n\t\t<div class=\"w-grid-item-h\">\r\n\t\t\t\t\t\t<div class=\"w-post-elm post_image usg_post_image_1 has_ratio\"><a href=\"https:\/\/taluinsaat.com\/?p=1099&amp;lang=en\" aria-label=\"G\u00f6n\u00fcl Talu: &#8220;Being an ITU Student is Being a World Citizen.&#8221;\"><img loading=\"lazy\" decoding=\"async\" width=\"1024\" height=\"576\" src=\"https:\/\/taluinsaat.com\/wp-content\/uploads\/2024\/04\/maxresdefault-1024x576.jpg\" class=\"attachment-large size-large wp-post-image\" alt=\"\" srcset=\"https:\/\/taluinsaat.com\/wp-content\/uploads\/2024\/04\/maxresdefault-1024x576.jpg 1024w, https:\/\/taluinsaat.com\/wp-content\/uploads\/2024\/04\/maxresdefault-300x169.jpg 300w, https:\/\/taluinsaat.com\/wp-content\/uploads\/2024\/04\/maxresdefault.jpg 1280w\" sizes=\"auto, (max-width: 1024px) 100vw, 1024px\" \/><\/a><div style=\"padding-bottom:56.25%\"><\/div><\/div><div class=\"w-vwrapper usg_vwrapper_1 align_none valign_top\"><h2 class=\"w-post-elm post_title usg_post_title_1 has_text_color entry-title color_link_inherit\"><a href=\"https:\/\/taluinsaat.com\/?p=1099&amp;lang=en\">G\u00f6n\u00fcl Talu: &#8220;Being an ITU Student is Being a World Citizen.&#8221;<\/a><\/h2><\/div>\t\t<\/div>\r\n\t\t\t<\/article>\r\n\t<article class=\"w-grid-item size_1x1 post-1097 post type-post status-publish format-standard has-post-thumbnail hentry category-uncategorized\" data-id=\"1097\">\r\n\t\t<div class=\"w-grid-item-h\">\r\n\t\t\t\t\t\t<div class=\"w-post-elm post_image usg_post_image_1 has_ratio\"><a href=\"https:\/\/taluinsaat.com\/?p=1097\" aria-label=\"G\u00f6n\u00fcl Talu: &#8220;\u0130T\u00dc&#8217;l\u00fc Olmak Bir D\u00fcnya Vatanda\u015f\u0131 Olmakt\u0131r.&#8221;\"><img loading=\"lazy\" decoding=\"async\" width=\"1024\" height=\"576\" src=\"https:\/\/taluinsaat.com\/wp-content\/uploads\/2024\/04\/maxresdefault-1024x576.jpg\" class=\"attachment-large size-large wp-post-image\" alt=\"\" srcset=\"https:\/\/taluinsaat.com\/wp-content\/uploads\/2024\/04\/maxresdefault-1024x576.jpg 1024w, https:\/\/taluinsaat.com\/wp-content\/uploads\/2024\/04\/maxresdefault-300x169.jpg 300w, https:\/\/taluinsaat.com\/wp-content\/uploads\/2024\/04\/maxresdefault.jpg 1280w\" sizes=\"auto, (max-width: 1024px) 100vw, 1024px\" \/><\/a><div style=\"padding-bottom:56.25%\"><\/div><\/div><div class=\"w-vwrapper usg_vwrapper_1 align_none valign_top\"><h2 class=\"w-post-elm post_title usg_post_title_1 has_text_color entry-title color_link_inherit\"><a href=\"https:\/\/taluinsaat.com\/?p=1097\">G\u00f6n\u00fcl Talu: &#8220;\u0130T\u00dc&#8217;l\u00fc Olmak Bir D\u00fcnya Vatanda\u015f\u0131 Olmakt\u0131r.&#8221;<\/a><\/h2><\/div>\t\t<\/div>\r\n\t\t\t<\/article>\r\n\t<article class=\"w-grid-item size_1x1 post-1095 post type-post status-publish format-standard has-post-thumbnail hentry category-uncategorized-en\" data-id=\"1095\">\r\n\t\t<div class=\"w-grid-item-h\">\r\n\t\t\t\t\t\t<div class=\"w-post-elm post_image usg_post_image_1 has_ratio\"><a href=\"https:\/\/taluinsaat.com\/?p=1095&amp;lang=en\" aria-label=\"G\u00f6n\u00fcl Talu &#8211; Metro Opening Speech\"><img loading=\"lazy\" decoding=\"async\" width=\"480\" height=\"360\" src=\"https:\/\/taluinsaat.com\/wp-content\/uploads\/2024\/04\/hqdefault.jpg\" class=\"attachment-large size-large wp-post-image\" alt=\"\" srcset=\"https:\/\/taluinsaat.com\/wp-content\/uploads\/2024\/04\/hqdefault.jpg 480w, https:\/\/taluinsaat.com\/wp-content\/uploads\/2024\/04\/hqdefault-300x225.jpg 300w\" sizes=\"auto, (max-width: 480px) 100vw, 480px\" \/><\/a><div style=\"padding-bottom:56.25%\"><\/div><\/div><div class=\"w-vwrapper usg_vwrapper_1 align_none valign_top\"><h2 class=\"w-post-elm post_title usg_post_title_1 has_text_color entry-title color_link_inherit\"><a href=\"https:\/\/taluinsaat.com\/?p=1095&amp;lang=en\">G\u00f6n\u00fcl Talu &#8211; Metro Opening Speech<\/a><\/h2><\/div>\t\t<\/div>\r\n\t\t\t<\/article>\r\n\t<article class=\"w-grid-item size_1x1 post-1093 post type-post status-publish format-standard has-post-thumbnail hentry category-uncategorized\" data-id=\"1093\">\r\n\t\t<div class=\"w-grid-item-h\">\r\n\t\t\t\t\t\t<div class=\"w-post-elm post_image usg_post_image_1 has_ratio\"><a href=\"https:\/\/taluinsaat.com\/?p=1093\" aria-label=\"G\u00f6n\u00fcl Talu &#8211; Metro A\u00e7\u0131l\u0131\u015f Konu\u015fas\u0131\"><img loading=\"lazy\" decoding=\"async\" width=\"480\" height=\"360\" src=\"https:\/\/taluinsaat.com\/wp-content\/uploads\/2024\/04\/hqdefault.jpg\" class=\"attachment-large size-large wp-post-image\" alt=\"\" srcset=\"https:\/\/taluinsaat.com\/wp-content\/uploads\/2024\/04\/hqdefault.jpg 480w, https:\/\/taluinsaat.com\/wp-content\/uploads\/2024\/04\/hqdefault-300x225.jpg 300w\" sizes=\"auto, (max-width: 480px) 100vw, 480px\" \/><\/a><div style=\"padding-bottom:56.25%\"><\/div><\/div><div class=\"w-vwrapper usg_vwrapper_1 align_none valign_top\"><h2 class=\"w-post-elm post_title usg_post_title_1 has_text_color entry-title color_link_inherit\"><a href=\"https:\/\/taluinsaat.com\/?p=1093\">G\u00f6n\u00fcl Talu &#8211; Metro A\u00e7\u0131l\u0131\u015f Konu\u015fas\u0131<\/a><\/h2><\/div>\t\t<\/div>\r\n\t\t\t<\/article>\r\n\t<article class=\"w-grid-item size_1x1 post-1091 post type-post status-publish format-standard has-post-thumbnail hentry category-uncategorized-en\" data-id=\"1091\">\r\n\t\t<div class=\"w-grid-item-h\">\r\n\t\t\t\t\t\t<div class=\"w-post-elm post_image usg_post_image_1 has_ratio\"><a href=\"https:\/\/taluinsaat.com\/?p=1091&amp;lang=en\" aria-label=\"G\u00d6N\u00dcL TALU &#8211; D\u00dcNYAYI \u0130N\u015eA EDENLER (TRT HABER)\"><img loading=\"lazy\" decoding=\"async\" width=\"640\" height=\"360\" src=\"https:\/\/taluinsaat.com\/wp-content\/uploads\/2022\/04\/GONUL-TALU-DUNYAYI-INSA-EDENLER-TRT-HABER-2-42-screenshot.png\" class=\"attachment-large size-large wp-post-image\" alt=\"\" srcset=\"https:\/\/taluinsaat.com\/wp-content\/uploads\/2022\/04\/GONUL-TALU-DUNYAYI-INSA-EDENLER-TRT-HABER-2-42-screenshot.png 640w, https:\/\/taluinsaat.com\/wp-content\/uploads\/2022\/04\/GONUL-TALU-DUNYAYI-INSA-EDENLER-TRT-HABER-2-42-screenshot-300x169.png 300w\" sizes=\"auto, (max-width: 640px) 100vw, 640px\" \/><\/a><div style=\"padding-bottom:56.25%\"><\/div><\/div><div class=\"w-vwrapper usg_vwrapper_1 align_none valign_top\"><h2 class=\"w-post-elm post_title usg_post_title_1 has_text_color entry-title color_link_inherit\"><a href=\"https:\/\/taluinsaat.com\/?p=1091&amp;lang=en\">G\u00d6N\u00dcL TALU &#8211; D\u00dcNYAYI \u0130N\u015eA EDENLER (TRT HABER)<\/a><\/h2><\/div>\t\t<\/div>\r\n\t\t\t<\/article>\r\n\t<article class=\"w-grid-item size_1x1 post-1088 post type-post status-publish format-standard has-post-thumbnail hentry category-uncategorized-en\" data-id=\"1088\">\r\n\t\t<div class=\"w-grid-item-h\">\r\n\t\t\t\t\t\t<div class=\"w-post-elm post_image usg_post_image_1 has_ratio\"><a href=\"https:\/\/taluinsaat.com\/?p=1088&amp;lang=en\" aria-label=\"Burak Talu 2015 ITU Graduation Speech\"><img loading=\"lazy\" decoding=\"async\" width=\"640\" height=\"360\" src=\"https:\/\/taluinsaat.com\/wp-content\/uploads\/2022\/04\/ITU-2015-Burak-Talu-Mezuniyet-Konusmasi-1-35-screenshot.png\" class=\"attachment-large size-large wp-post-image\" alt=\"\" srcset=\"https:\/\/taluinsaat.com\/wp-content\/uploads\/2022\/04\/ITU-2015-Burak-Talu-Mezuniyet-Konusmasi-1-35-screenshot.png 640w, https:\/\/taluinsaat.com\/wp-content\/uploads\/2022\/04\/ITU-2015-Burak-Talu-Mezuniyet-Konusmasi-1-35-screenshot-300x169.png 300w\" sizes=\"auto, (max-width: 640px) 100vw, 640px\" \/><\/a><div style=\"padding-bottom:56.25%\"><\/div><\/div><div class=\"w-vwrapper usg_vwrapper_1 align_none valign_top\"><h2 class=\"w-post-elm post_title usg_post_title_1 has_text_color entry-title color_link_inherit\"><a href=\"https:\/\/taluinsaat.com\/?p=1088&amp;lang=en\">Burak Talu 2015 ITU Graduation Speech<\/a><\/h2><\/div>\t\t<\/div>\r\n\t\t\t<\/article>\r\n\t<article class=\"w-grid-item size_1x1 post-153 post type-post status-publish format-standard has-post-thumbnail hentry category-haberler\" data-id=\"153\">\r\n\t\t<div class=\"w-grid-item-h\">\r\n\t\t\t\t\t\t<div class=\"w-post-elm post_image usg_post_image_1 has_ratio\"><a href=\"https:\/\/taluinsaat.com\/?p=153\" aria-label=\"G\u00d6N\u00dcL TALU &#8211; D\u00dcNYAYI \u0130N\u015eA EDENLER (TRT HABER)\"><img loading=\"lazy\" decoding=\"async\" width=\"640\" height=\"360\" src=\"https:\/\/taluinsaat.com\/wp-content\/uploads\/2022\/04\/GONUL-TALU-DUNYAYI-INSA-EDENLER-TRT-HABER-2-42-screenshot.png\" class=\"attachment-large size-large wp-post-image\" alt=\"\" srcset=\"https:\/\/taluinsaat.com\/wp-content\/uploads\/2022\/04\/GONUL-TALU-DUNYAYI-INSA-EDENLER-TRT-HABER-2-42-screenshot.png 640w, https:\/\/taluinsaat.com\/wp-content\/uploads\/2022\/04\/GONUL-TALU-DUNYAYI-INSA-EDENLER-TRT-HABER-2-42-screenshot-300x169.png 300w\" sizes=\"auto, (max-width: 640px) 100vw, 640px\" \/><\/a><div style=\"padding-bottom:56.25%\"><\/div><\/div><div class=\"w-vwrapper usg_vwrapper_1 align_none valign_top\"><h2 class=\"w-post-elm post_title usg_post_title_1 has_text_color entry-title color_link_inherit\"><a href=\"https:\/\/taluinsaat.com\/?p=153\">G\u00d6N\u00dcL TALU &#8211; D\u00dcNYAYI \u0130N\u015eA EDENLER (TRT HABER)<\/a><\/h2><\/div>\t\t<\/div>\r\n\t\t\t<\/article>\r\n\t<article class=\"w-grid-item size_1x1 post-150 post type-post status-publish format-standard has-post-thumbnail hentry category-haberler\" data-id=\"150\">\r\n\t\t<div class=\"w-grid-item-h\">\r\n\t\t\t\t\t\t<div class=\"w-post-elm post_image usg_post_image_1 has_ratio\"><a href=\"https:\/\/taluinsaat.com\/?p=150\" aria-label=\"Burak Talu 2015 \u0130T\u00dc Mezuniyet Konu\u015fmas\u0131\"><img loading=\"lazy\" decoding=\"async\" width=\"640\" height=\"360\" src=\"https:\/\/taluinsaat.com\/wp-content\/uploads\/2022\/04\/ITU-2015-Burak-Talu-Mezuniyet-Konusmasi-1-35-screenshot.png\" class=\"attachment-large size-large wp-post-image\" alt=\"\" srcset=\"https:\/\/taluinsaat.com\/wp-content\/uploads\/2022\/04\/ITU-2015-Burak-Talu-Mezuniyet-Konusmasi-1-35-screenshot.png 640w, https:\/\/taluinsaat.com\/wp-content\/uploads\/2022\/04\/ITU-2015-Burak-Talu-Mezuniyet-Konusmasi-1-35-screenshot-300x169.png 300w\" sizes=\"auto, (max-width: 640px) 100vw, 640px\" \/><\/a><div style=\"padding-bottom:56.25%\"><\/div><\/div><div class=\"w-vwrapper usg_vwrapper_1 align_none valign_top\"><h2 class=\"w-post-elm post_title usg_post_title_1 has_text_color entry-title color_link_inherit\"><a href=\"https:\/\/taluinsaat.com\/?p=150\">Burak Talu 2015 \u0130T\u00dc Mezuniyet Konu\u015fmas\u0131<\/a><\/h2><\/div>\t\t<\/div>\r\n\t\t\t<\/article>\r\n<\/div><div class=\"w-grid-preloader\">\t<div class=\"g-preloader type_1\">\r\n\t\t<div><\/div>\r\n\t<\/div>\r\n\t<\/div>\t<div class=\"w-grid-json hidden\" onclick='return {&quot;action&quot;:&quot;us_ajax_grid&quot;,&quot;infinite_scroll&quot;:0,&quot;max_num_pages&quot;:2,&quot;pagination&quot;:&quot;none&quot;,&quot;template_vars&quot;:{&quot;columns&quot;:&quot;2&quot;,&quot;exclude_items&quot;:&quot;none&quot;,&quot;img_size&quot;:&quot;default&quot;,&quot;ignore_items_size&quot;:0,&quot;items_layout&quot;:&quot;1110&quot;,&quot;items_offset&quot;:&quot;1&quot;,&quot;load_animation&quot;:&quot;none&quot;,&quot;overriding_link&quot;:&quot;{\\&quot;url\\&quot;:\\&quot;\\&quot;}&quot;,&quot;post_id&quot;:0,&quot;query_args&quot;:{&quot;post_type&quot;:[&quot;post&quot;],&quot;post_status&quot;:[&quot;publish&quot;,&quot;acf-disabled&quot;],&quot;posts_per_page&quot;:&quot;10&quot;},&quot;orderby_query_args&quot;:{&quot;orderby&quot;:{&quot;date&quot;:&quot;DESC&quot;}},&quot;type&quot;:&quot;grid&quot;,&quot;us_grid_post_type&quot;:&quot;post&quot;,&quot;us_grid_ajax_index&quot;:1,&quot;us_grid_filter_query_string&quot;:null,&quot;us_grid_index&quot;:1,&quot;page_args&quot;:[]}}'><\/div>\r\n\t<\/div><\/div><\/div><\/div><\/div><\/section>\n","protected":false},"excerpt":{"rendered":"https:\/\/www.youtube.com\/watch?v=7DYrStOpuk8","protected":false},"author":1,"featured_media":0,"parent":0,"menu_order":0,"comment_status":"closed","ping_status":"closed","template":"","meta":{"_acf_changed":false,"rank_math_lock_modified_date":false,"footnotes":""},"class_list":["post-1120","page","type-page","status-publish","hentry"],"acf":[],"_links":{"self":[{"href":"https:\/\/taluinsaat.com\/index.php?rest_route=\/wp\/v2\/pages\/1120","targetHints":{"allow":["GET"]}}],"collection":[{"href":"https:\/\/taluinsaat.com\/index.php?rest_route=\/wp\/v2\/pages"}],"about":[{"href":"https:\/\/taluinsaat.com\/index.php?rest_route=\/wp\/v2\/types\/page"}],"author":[{"embeddable":true,"href":"https:\/\/taluinsaat.com\/index.php?rest_route=\/wp\/v2\/users\/1"}],"replies":[{"embeddable":true,"href":"https:\/\/taluinsaat.com\/index.php?rest_route=%2Fwp%2Fv2%2Fcomments&post=1120"}],"version-history":[{"count":3,"href":"https:\/\/taluinsaat.com\/index.php?rest_route=\/wp\/v2\/pages\/1120\/revisions"}],"predecessor-version":[{"id":1125,"href":"https:\/\/taluinsaat.com\/index.php?rest_route=\/wp\/v2\/pages\/1120\/revisions\/1125"}],"wp:attachment":[{"href":"https:\/\/taluinsaat.com\/index.php?rest_route=%2Fwp%2Fv2%2Fmedia&parent=1120"}],"curies":[{"name":"wp","href":"https:\/\/api.w.org\/{rel}","templated":true}]}}