{"id":218,"date":"2022-04-10T12:28:30","date_gmt":"2022-04-10T12:28:30","guid":{"rendered":"https:\/\/amazing-heisenberg.176-53-62-50.plesk.page\/?page_id=218"},"modified":"2023-07-13T14:21:18","modified_gmt":"2023-07-13T14:21:18","slug":"hakkimizda","status":"publish","type":"page","link":"https:\/\/taluinsaat.com\/?page_id=218","title":{"rendered":"Hakk\u0131m\u0131zda"},"content":{"rendered":"<section class=\"l-section wpb_row height_small\"><div class=\"l-section-h i-cf\"><div class=\"g-cols vc_row via_grid cols_1 laptops-cols_inherit tablets-cols_inherit mobiles-cols_1 valign_top type_default stacking_default\"><div class=\"wpb_column vc_column_container\"><div class=\"vc_column-inner\"><div class=\"w-image us_custom_5a4d11db style_shadow-2 align_center\"><div class=\"w-image-h\"><div class=\"w-image-shadow\" style=\"background-image:url(https:\/\/taluinsaat.com\/wp-content\/uploads\/2023\/07\/sun.jpg);\"><\/div><img decoding=\"async\" width=\"1376\" height=\"446\" src=\"https:\/\/taluinsaat.com\/wp-content\/uploads\/2023\/07\/sun.jpg\" class=\"attachment-full size-full\" alt=\"\" loading=\"lazy\" srcset=\"https:\/\/taluinsaat.com\/wp-content\/uploads\/2023\/07\/sun.jpg 1376w, https:\/\/taluinsaat.com\/wp-content\/uploads\/2023\/07\/sun-300x97.jpg 300w, https:\/\/taluinsaat.com\/wp-content\/uploads\/2023\/07\/sun-1024x332.jpg 1024w\" sizes=\"auto, (max-width: 1376px) 100vw, 1376px\" \/><\/div><\/div><div class=\"w-separator size_small\"><\/div><div class=\"wpb_text_column\"><div class=\"wpb_wrapper\"><p style=\"text-align: center;\"><strong>B\u0130Z K\u0130M\u0130Z?<\/strong><\/p>\n<p style=\"text-align: center;\">TALU \u0130n\u015faat Sanayi ve Ticaret A.\u015e. sekt\u00f6r\u00fcn duayenlerinden \u0130n\u015faat Y\u00fcksek M\u00fchendisi G\u00f6n\u00fcl Talu taraf\u0131ndan yurt i\u00e7i ve yurt d\u0131\u015f\u0131nda devlet ve \u00f6zel sekt\u00f6re ait ba\u015far\u0131yla tamamlanan, de\u011feri toplam 30 Milyar USD\u2019lik 100\u2019\u00fcn \u00fczerinde in\u015faat projesinden edindi\u011fi 60 y\u0131l\u0131 a\u015fk\u0131n tecr\u00fcbe ve birikim ile sekt\u00f6re hizmete devam gayesiyle 2019 y\u0131l\u0131nda kurulmu\u015ftur.<\/p>\n<\/div><\/div><\/div><\/div><\/div><\/div><\/section><section class=\"l-section wpb_row height_small\"><div class=\"l-section-h i-cf\"><div class=\"g-cols vc_row via_grid cols_2 laptops-cols_inherit tablets-cols_inherit mobiles-cols_1 valign_middle type_default stacking_default\" style=\"--gap:6vw;\"><div class=\"wpb_column vc_column_container\"><div class=\"vc_column-inner\"><div class=\"w-separator size_small\"><\/div><div class=\"wpb_text_column\"><div class=\"wpb_wrapper\"><p>Talu \u0130n\u015faat, gerek \u00fclkemiz gerek yurt d\u0131\u015f\u0131ndaki in\u015faat m\u00fcteahhitli\u011fini en ince noktas\u0131na kadar tecr\u00fcbe eden \u00e7al\u0131\u015fma ekibi ile \u00fclkemize ve d\u00fcnyam\u0131za ak\u0131lda kalan ve de\u011fer yaratan eserler b\u0131rakmak \u00fczere var g\u00fcc\u00fcyle \u00e7al\u0131\u015fmaktad\u0131r. Taahh\u00fcd\u00fcndeki her projeyi \u2018en iyi kalite ile ve zaman\u0131nda\u2019 tamamlama ilkesi ile \u00e7al\u0131\u015fan Talu \u0130n\u015faat, yurt i\u00e7i ve yurt d\u0131\u015f\u0131nda her t\u00fcrl\u00fc \u00fcstyap\u0131 ve altyap\u0131 in\u015faatlar\u0131, bina, yol, otoyol, k\u00f6pr\u00fc, baraj, k\u0131y\u0131 ve liman in\u015faatlar\u0131, art\u0131ma ve \u00e7evre projeleri ger\u00e7ekle\u015ftirmeye odakl\u0131 etkin bir i\u015f g\u00fcc\u00fcne, tecr\u00fcbe ve modern teknolojiye sahiptir.<\/p>\n<\/div><\/div><div class=\"w-separator size_small\"><\/div><\/div><\/div><div class=\"wpb_column vc_column_container\"><div class=\"vc_column-inner\"><div class=\"w-image us_custom_5a4d11db style_shadow-2 align_none\"><div class=\"w-image-h\"><div class=\"w-image-shadow\" style=\"background-image:url(https:\/\/taluinsaat.com\/wp-content\/uploads\/2023\/07\/The-Land-Buying-Minefield-Orta-1024x683.jpg);\"><\/div><img decoding=\"async\" width=\"1024\" height=\"683\" src=\"https:\/\/taluinsaat.com\/wp-content\/uploads\/2023\/07\/The-Land-Buying-Minefield-Orta-1024x683.jpg\" class=\"attachment-large size-large\" alt=\"\" loading=\"lazy\" srcset=\"https:\/\/taluinsaat.com\/wp-content\/uploads\/2023\/07\/The-Land-Buying-Minefield-Orta-1024x683.jpg 1024w, https:\/\/taluinsaat.com\/wp-content\/uploads\/2023\/07\/The-Land-Buying-Minefield-Orta-300x200.jpg 300w, https:\/\/taluinsaat.com\/wp-content\/uploads\/2023\/07\/The-Land-Buying-Minefield-Orta.jpg 1152w\" sizes=\"auto, (max-width: 1024px) 100vw, 1024px\" \/><\/div><\/div><\/div><\/div><\/div><\/div><\/section>\n","protected":false},"excerpt":{"rendered":"B\u0130Z K\u0130M\u0130Z? TALU \u0130n\u015faat Sanayi ve Ticaret A.\u015e. sekt\u00f6r\u00fcn duayenlerinden \u0130n\u015faat Y\u00fcksek M\u00fchendisi G\u00f6n\u00fcl Talu taraf\u0131ndan yurt i\u00e7i ve yurt d\u0131\u015f\u0131nda devlet ve \u00f6zel sekt\u00f6re ait ba\u015far\u0131yla tamamlanan, de\u011feri toplam 30 Milyar USD\u2019lik 100\u2019\u00fcn \u00fczerinde in\u015faat projesinden edindi\u011fi 60 y\u0131l\u0131 a\u015fk\u0131n tecr\u00fcbe ve birikim ile sekt\u00f6re hizmete devam gayesiyle 2019 y\u0131l\u0131nda kurulmu\u015ftur. Talu \u0130n\u015faat, gerek...","protected":false},"author":1,"featured_media":0,"parent":25,"menu_order":0,"comment_status":"closed","ping_status":"closed","template":"","meta":{"_acf_changed":false,"rank_math_lock_modified_date":false,"footnotes":""},"class_list":["post-218","page","type-page","status-publish","hentry"],"acf":[],"_links":{"self":[{"href":"https:\/\/taluinsaat.com\/index.php?rest_route=\/wp\/v2\/pages\/218","targetHints":{"allow":["GET"]}}],"collection":[{"href":"https:\/\/taluinsaat.com\/index.php?rest_route=\/wp\/v2\/pages"}],"about":[{"href":"https:\/\/taluinsaat.com\/index.php?rest_route=\/wp\/v2\/types\/page"}],"author":[{"embeddable":true,"href":"https:\/\/taluinsaat.com\/index.php?rest_route=\/wp\/v2\/users\/1"}],"replies":[{"embeddable":true,"href":"https:\/\/taluinsaat.com\/index.php?rest_route=%2Fwp%2Fv2%2Fcomments&post=218"}],"version-history":[{"count":10,"href":"https:\/\/taluinsaat.com\/index.php?rest_route=\/wp\/v2\/pages\/218\/revisions"}],"predecessor-version":[{"id":933,"href":"https:\/\/taluinsaat.com\/index.php?rest_route=\/wp\/v2\/pages\/218\/revisions\/933"}],"up":[{"embeddable":true,"href":"https:\/\/taluinsaat.com\/index.php?rest_route=\/wp\/v2\/pages\/25"}],"wp:attachment":[{"href":"https:\/\/taluinsaat.com\/index.php?rest_route=%2Fwp%2Fv2%2Fmedia&parent=218"}],"curies":[{"name":"wp","href":"https:\/\/api.w.org\/{rel}","templated":true}]}}