{"id":224,"date":"2022-04-10T12:37:44","date_gmt":"2022-04-10T12:37:44","guid":{"rendered":"https:\/\/amazing-heisenberg.176-53-62-50.plesk.page\/?page_id=224"},"modified":"2022-06-09T07:07:41","modified_gmt":"2022-06-09T07:07:41","slug":"kurucumuz","status":"publish","type":"page","link":"https:\/\/taluinsaat.com\/?page_id=224","title":{"rendered":"Kurucumuz"},"content":{"rendered":"<section class=\"l-section wpb_row height_small\"><div class=\"l-section-h i-cf\"><div class=\"g-cols vc_row via_grid cols_3-2 laptops-cols_inherit tablets-cols_inherit mobiles-cols_1 valign_middle type_default stacking_default\" style=\"--gap:0rem;\"><div class=\"wpb_column vc_column_container us_custom_fe2b2099 has_bg_color\"><div class=\"vc_column-inner\"><div class=\"wpb_text_column\"><div class=\"wpb_wrapper\"><h2><strong>G\u00f6n\u00fcl TALU<\/strong><\/h2>\n<p>1938 y\u0131l\u0131 Elaz\u0131\u011f do\u011fumlu olan Say\u0131n G\u00f6n\u00fcl Talu, 1960 y\u0131l\u0131nda \u0130stanbul Teknik \u00dcniversitesi \u0130n\u015faat M\u00fchendisli\u011fi b\u00f6l\u00fcm\u00fcnden mezun oldu. Gen\u00e7 bir m\u00fchendis olarak ba\u015flad\u0131\u011f\u0131 in\u015faat sekt\u00f6r\u00fcnde, serbest m\u00fcteahhitlik yapt\u0131\u011f\u0131 ilk y\u0131llar\u0131ndan sonra \u00fclkemizin ileri gelen in\u015faat firmalar\u0131ndan olan Do\u011fu\u015f \u0130n\u015faat\u2019a kat\u0131ld\u0131. Proje M\u00fcd\u00fcrl\u00fc\u011f\u00fc ve Genel M\u00fcd\u00fcrl\u00fck g\u00f6revlerinin ard\u0131ndan 30 y\u0131l\u0131 a\u015fk\u0131n bir s\u00fcre Do\u011fu\u015f \u0130n\u015faat Y\u00f6netim Kurulu Ba\u015fkan\u0131 ve Do\u011fu\u015f Holding Y\u00f6netim Kurulu \u00fcyesi olarak g\u00f6rev ald\u0131. Say\u0131n Talu, sekt\u00f6rdeki 60 y\u0131ll\u0131k tecr\u00fcbesi boyunca yurt i\u00e7inde ve yurt d\u0131\u015f\u0131nda de\u011feri 30 milyar dolarl\u0131k 100\u2019\u00fcn \u00fczerinde b\u00fcy\u00fck projeyi ba\u015far\u0131 ile tamamlam\u0131\u015ft\u0131r.<\/p>\n<\/div><\/div><div class=\"w-separator size_small\"><\/div><\/div><\/div><div class=\"wpb_column vc_column_container us_custom_d0c8a77b\"><div class=\"vc_column-inner\"><div class=\"w-image style_shadow-1 align_right\"><div class=\"w-image-h\"><img decoding=\"async\" width=\"350\" height=\"350\" src=\"https:\/\/taluinsaat.com\/wp-content\/uploads\/2022\/04\/gonul_talu_portre-350x500-1-e1652885064719.jpg\" class=\"attachment-full size-full\" alt=\"\" loading=\"lazy\" srcset=\"https:\/\/taluinsaat.com\/wp-content\/uploads\/2022\/04\/gonul_talu_portre-350x500-1-e1652885064719.jpg 350w, https:\/\/taluinsaat.com\/wp-content\/uploads\/2022\/04\/gonul_talu_portre-350x500-1-e1652885064719-300x300.jpg 300w, https:\/\/taluinsaat.com\/wp-content\/uploads\/2022\/04\/gonul_talu_portre-350x500-1-e1652885064719-150x150.jpg 150w\" sizes=\"auto, (max-width: 350px) 100vw, 350px\" \/><\/div><\/div><\/div><\/div><\/div><\/div><\/section><section class=\"l-section wpb_row height_auto\"><div class=\"l-section-h i-cf\"><div class=\"g-cols vc_row via_grid cols_1 laptops-cols_inherit tablets-cols_inherit mobiles-cols_1 valign_top type_default stacking_default\"><div class=\"wpb_column vc_column_container\"><div class=\"vc_column-inner\"><div class=\"wpb_text_column\"><div class=\"wpb_wrapper\"><p>T\u00fcrkiye M\u00fcteahhitler Birli\u011fi (TMB) Y\u00fcksek Dan\u0131\u015fma Kurulu \u00fcyeli\u011fi ve \u0130n\u015faat Sanayicileri \u0130\u015fveren Sendikas\u0131 (\u0130NTES) \u00fcyeli\u011fi bulunan Say\u0131n Talu, y\u0131llar boyunca kazand\u0131\u011f\u0131 deneyim ve birikimlerini modern \u00e7al\u0131\u015fma metotlar\u0131 ve in\u015faat teknolojileri ile birle\u015ftirerek s\u00fcrekli yenilenmeye her zaman \u00f6nem vermi\u015ftir. \u0130n\u015faat m\u00fcteahhitli\u011fi ad\u0131na T\u00fcrkiye\u2019de ilkleri yapm\u0131\u015f ve de d\u00fcnyan\u0131n farkl\u0131 co\u011frafyalar\u0131nda projeler geli\u015ftirmi\u015f, uluslararas\u0131 arenada bir\u00e7ok sayg\u0131n in\u015faat \u015firketiyle de ba\u015far\u0131l\u0131 ortakl\u0131klar ger\u00e7ekle\u015ftirmi\u015ftir.<\/p>\n<p>\u0130n\u015faat m\u00fcteahhitli\u011finde en \u00f6nemli unsur insand\u0131r. Do\u011fru makineyi ve iyi teknolojiyi se\u00e7mek kolayd\u0131r, ancak i\u015fine ve mesle\u011fine sevgisi ve sayg\u0131s\u0131 olan, kendini i\u015fine adayabilen do\u011fru insan\u0131 bulmak \u00e7ok zordur.<\/p>\n<p>G\u00f6n\u00fcl Talu, \u2018Durmak yok, yola devam\u2019 ilkesi ile 60 y\u0131ll\u0131k meslek hayat\u0131nda edindi\u011fi zengin bilgi birikimi ve tecr\u00fcbesini de yan\u0131na alarak in\u015faat sekt\u00f6r\u00fcne hizmet gayesiyle\u00a0<strong>TALU \u0130n\u015faat Sanayi ve Ticaret Anonim \u015eirketi<\/strong>\u2019ni 2019 y\u0131l\u0131nda kurdu.<\/p>\n<p>Kendisini yenileyebilen ve ekip \u00e7al\u0131\u015fmas\u0131na \u00f6nem veren, i\u015f\u00e7i, m\u00fchendis ve y\u00f6neticilerden olu\u015fan Talu \u0130n\u015faat\u2019\u0131n en b\u00fcy\u00fck sermayesi tecr\u00fcbesidir. D\u00fcnyan\u0131n farkl\u0131 k\u0131talar\u0131na yay\u0131lan nice yollara, k\u00f6pr\u00fclere, barajlara ataca\u011f\u0131 daha \u00e7ok imzas\u0131 olacakt\u0131r.<\/p>\n<p>Talu \u0130n\u015faat, T\u00fcrk \u0130n\u015faat Sekt\u00f6r\u00fcn\u00fc y\u00fcksek standartlar\u0131yla temsil edecek; sekt\u00f6r i\u00e7indeki varl\u0131\u011f\u0131n\u0131, g\u00fcvenilir ve sayg\u0131n imaj\u0131yla, insanlar i\u00e7in daha iyi, daha kaliteli ve s\u00fcrd\u00fcr\u00fclebilir ya\u015fam ko\u015fullar\u0131 in\u015fa ederek s\u00fcrd\u00fcrecektir.<\/p>\n<p>Talu \u0130n\u015faat\u2019\u0131n en b\u00fcy\u00fck hedefi T\u00fcrk \u0130n\u015faat Sekt\u00f6r\u00fcn\u00fc daha da ileri g\u00f6t\u00fcrmek ad\u0131na ba\u015far\u0131l\u0131 projeler yapmak, bunu yaparken bir yandan s\u00fcrd\u00fcr\u00fclebilir bir b\u00fcy\u00fcme ger\u00e7ekle\u015ftirmek ve bir yandan da kurumsal altyap\u0131s\u0131n\u0131 g\u00fc\u00e7lendirmektir.<\/p>\n<\/div><\/div><\/div><\/div><\/div><\/div><\/section><section class=\"l-section wpb_row height_medium\"><div class=\"l-section-h i-cf\"><div class=\"g-cols vc_row via_grid cols_1 laptops-cols_inherit tablets-cols_inherit mobiles-cols_1 valign_top type_default stacking_default\"><div class=\"wpb_column vc_column_container\"><div class=\"vc_column-inner\"><div class=\"wpb_text_column us_custom_1b6d8d31 has_text_color\"><div class=\"wpb_wrapper\"><p style=\"text-align: center;\"><strong>Say\u0131n G\u00f6n\u00fcl Talu\u2019nun kaleminden Talu \u0130n\u015faat<\/strong><\/p>\n<\/div><\/div><div class=\"wpb_text_column us_custom_84bab623 has_text_color\"><div class=\"wpb_wrapper\"><p><em>\u2018Size Talu \u0130n\u015faat\u0131n nas\u0131l ortaya \u00e7\u0131kt\u0131\u011f\u0131n\u0131 anlatmaya \u00e7al\u0131\u015faca\u011f\u0131m;<\/em><\/p>\n<p><em>\u0130stanbul Teknik \u00dcniversitesi \u0130n\u015faat Fak\u00fcltesi, \u0130n\u015faat M\u00fchendisli\u011fi B\u00f6l\u00fcm\u00fc\u2019nden 1961 y\u0131l\u0131nda \u0130n\u015faat Y\u00fcksek M\u00fchendisi olarak mezun oldum. 1969 y\u0131l\u0131na kadar karayollar\u0131nda \u00e7e\u015fitli \u015fantiye \u015feflikleri, \u00f6zel sekt\u00f6r ve m\u00fcteahhitlik deneyimlerim oldu. Karayolu m\u00fcteahhiti olarak \u00e7al\u0131\u015ft\u0131m ve i\u015fler bitirdim. 1969 y\u0131l\u0131nda Do\u011fu\u015f \u0130n\u015faat\u2019da \u00e7al\u0131\u015fmaya ba\u015flad\u0131m ve aral\u0131ks\u0131z 50 y\u0131l \u00e7al\u0131\u015ft\u0131m. 50 y\u0131l\u0131n ilk 15 y\u0131l\u0131 Proje M\u00fcd\u00fcrl\u00fc\u011f\u00fc ve Genel M\u00fcd\u00fcrl\u00fck son 35 y\u0131l\u0131 ise Y\u00f6netim Kurulu Ba\u015fkan\u0131 ve Murahhas \u00dcye olarak ge\u00e7ti.<\/em><\/p>\n<p><em>Yurt i\u00e7inde ve yurt d\u0131\u015f\u0131nda toplam de\u011feri 30 Milyar Usd\u2019yi a\u015fan 150\u2019ye yak\u0131n projeyi y\u00f6nettim. \u00d6zellikle alt yap\u0131 m\u00fcteahhitli\u011finin her dal\u0131nda T\u00fcrkiye\u2019de ve Yemen, Libya, Suudi Arabistan, Kazakistan, Ukrayna, Bulgaristan, Fas, Katar, Hindistan olmak \u00fczere bir\u00e7ok \u00fclkede baraj, otoyol, demir yolu, metrolar, viyad\u00fckler, k\u00f6pr\u00fcler, hava alanlar\u0131, deniz in\u015faatlar\u0131 ve \u00e7e\u015fitli \u00e7evre projeleri bitirip zaman\u0131nda teslim ettim.<\/em><\/p>\n<p><em>Sekt\u00f6rdeki 60 y\u0131la yakla\u015fan tecr\u00fcbem ile yine altyap\u0131 in\u015faatlar\u0131nda \u00e7al\u0131\u015fmak \u00fczere Talu \u0130n\u015faat\u2019\u0131 kurdum. Talu \u0130n\u015faat\u2019\u0131n en b\u00fcy\u00fck \u00f6zelli\u011fi yap\u0131ma y\u00f6nelik \u00e7ok tecr\u00fcbeli bir kadrosunun olmas\u0131d\u0131r. Y\u0131llar i\u00e7erisinde yeti\u015ftirdi\u011fimiz y\u00f6netici, m\u00fchendis ve formenler en b\u00fcy\u00fck g\u00fcc\u00fcm\u00fczd\u00fcr.<\/em><\/p>\n<p><em>Yolumuz a\u00e7\u0131k olsun.\u2018<\/em><\/p>\n<p>G\u00f6n\u00fcl TALU<br \/>\nY\u00f6netim Kurulu Ba\u015fkan\u0131<\/p>\n<\/div><\/div><div class=\"w-separator size_small\"><\/div><div class=\"w-grid type_grid layout_124 cols_3\" id=\"us_grid_1\" style=\"--gap:1.5rem;\" data-filterable=\"true\"><style>@media (max-width:1024px){#us_grid_1 .w-grid-item{width:50%}}@media (max-width:600px){#us_grid_1 .w-grid-list{margin:0}#us_grid_1 .w-grid-item{width:100%;padding:0;margin-bottom:var(--gap,0px)}}.layout_124 .w-grid-item-h{}.layout_124 .usg_post_image_1{transition-duration:0.3s;transform-origin:50% 50%;transform:scale(1) translate(0%,0%)}.layout_124 .w-grid-item-h:hover .usg_post_image_1{transform:scale(1.15) translate(0%,0%);opacity:1}.layout_124 .usg_post_title_1{transition-duration:0.3s;transform-origin:50% 50%;transform:scale(1) translate(0%,0%)}.layout_124 .w-grid-item-h:hover .usg_post_title_1{transform:scale(1) translate(0%,0%);opacity:0}.layout_124 .usg_post_image_1{border-radius:0.3rem!important}.layout_124 .usg_post_title_1{color:var(--color-chrome-toolbar)!important;text-align:center!important;font-family:Courgette!important;font-size:20px!important;margin-top:0.5rem!important}<\/style><div class=\"w-grid-list\">\t<article class=\"w-grid-item size_1x1 post-245 attachment type-attachment status-inherit hentry\" data-id=\"245\">\r\n\t\t<div class=\"w-grid-item-h\">\r\n\t\t\t\t\t\t<div class=\"w-post-elm post_image usg_post_image_1 has_ratio\"><img loading=\"lazy\" decoding=\"async\" width=\"1000\" height=\"667\" src=\"https:\/\/taluinsaat.com\/wp-content\/uploads\/2022\/04\/Cumhurbaskani-Recep-Tayyip-Erdogan-ile-2014-Yurtdisi-Muteahhitlik-odulu-alirken.jpg\" class=\"attachment-full size-full\" alt=\"\" srcset=\"https:\/\/taluinsaat.com\/wp-content\/uploads\/2022\/04\/Cumhurbaskani-Recep-Tayyip-Erdogan-ile-2014-Yurtdisi-Muteahhitlik-odulu-alirken.jpg 1000w, https:\/\/taluinsaat.com\/wp-content\/uploads\/2022\/04\/Cumhurbaskani-Recep-Tayyip-Erdogan-ile-2014-Yurtdisi-Muteahhitlik-odulu-alirken-300x200.jpg 300w\" sizes=\"auto, (max-width: 1000px) 100vw, 1000px\" \/><div style=\"padding-bottom:75%\"><\/div><\/div><p class=\"w-post-elm post_title usg_post_title_1 has_text_color align_center entry-title\">Recep Tayyip Erdo\u011fan \u0130le<\/p>\t\t<\/div>\r\n\t\t\t<\/article>\r\n\t<article class=\"w-grid-item size_1x1 post-236 attachment type-attachment status-inherit hentry\" data-id=\"236\">\r\n\t\t<div class=\"w-grid-item-h\">\r\n\t\t\t\t\t\t<div class=\"w-post-elm post_image usg_post_image_1 has_ratio\"><img loading=\"lazy\" decoding=\"async\" width=\"1000\" height=\"723\" src=\"https:\/\/taluinsaat.com\/wp-content\/uploads\/2022\/04\/Bulgaristan-Basbakani-Boyko-Borisov-ile.jpg\" class=\"attachment-full size-full\" alt=\"\" srcset=\"https:\/\/taluinsaat.com\/wp-content\/uploads\/2022\/04\/Bulgaristan-Basbakani-Boyko-Borisov-ile.jpg 1000w, https:\/\/taluinsaat.com\/wp-content\/uploads\/2022\/04\/Bulgaristan-Basbakani-Boyko-Borisov-ile-300x217.jpg 300w\" sizes=\"auto, (max-width: 1000px) 100vw, 1000px\" \/><div style=\"padding-bottom:75%\"><\/div><\/div><p class=\"w-post-elm post_title usg_post_title_1 has_text_color align_center entry-title\">Bulgaristan Ba\u015fbakan\u0131 Boyko Borisov ile<\/p>\t\t<\/div>\r\n\t\t\t<\/article>\r\n\t<article class=\"w-grid-item size_1x1 post-243 attachment type-attachment status-inherit hentry\" data-id=\"243\">\r\n\t\t<div class=\"w-grid-item-h\">\r\n\t\t\t\t\t\t<div class=\"w-post-elm post_image usg_post_image_1 has_ratio\"><img loading=\"lazy\" decoding=\"async\" width=\"1000\" height=\"695\" src=\"https:\/\/taluinsaat.com\/wp-content\/uploads\/2022\/04\/Eski-almanya-Basbakani-Schroder-ile.jpg\" class=\"attachment-full size-full\" alt=\"\" srcset=\"https:\/\/taluinsaat.com\/wp-content\/uploads\/2022\/04\/Eski-almanya-Basbakani-Schroder-ile.jpg 1000w, https:\/\/taluinsaat.com\/wp-content\/uploads\/2022\/04\/Eski-almanya-Basbakani-Schroder-ile-300x209.jpg 300w\" sizes=\"auto, (max-width: 1000px) 100vw, 1000px\" \/><div style=\"padding-bottom:75%\"><\/div><\/div><p class=\"w-post-elm post_title usg_post_title_1 has_text_color align_center entry-title\">Eski Almanya Ba\u015fbakan\u0131 Schr\u00f6der ile<\/p>\t\t<\/div>\r\n\t\t\t<\/article>\r\n\t<article class=\"w-grid-item size_1x1 post-240 attachment type-attachment status-inherit hentry\" data-id=\"240\">\r\n\t\t<div class=\"w-grid-item-h\">\r\n\t\t\t\t\t\t<div class=\"w-post-elm post_image usg_post_image_1 has_ratio\"><img loading=\"lazy\" decoding=\"async\" width=\"1000\" height=\"704\" src=\"https:\/\/taluinsaat.com\/wp-content\/uploads\/2022\/04\/IMG_20170927_0022.jpg\" class=\"attachment-full size-full\" alt=\"\" srcset=\"https:\/\/taluinsaat.com\/wp-content\/uploads\/2022\/04\/IMG_20170927_0022.jpg 1000w, https:\/\/taluinsaat.com\/wp-content\/uploads\/2022\/04\/IMG_20170927_0022-300x211.jpg 300w\" sizes=\"auto, (max-width: 1000px) 100vw, 1000px\" \/><div style=\"padding-bottom:75%\"><\/div><\/div><p class=\"w-post-elm post_title usg_post_title_1 has_text_color align_center entry-title\"><\/p>\t\t<\/div>\r\n\t\t\t<\/article>\r\n\t<article class=\"w-grid-item size_1x1 post-246 attachment type-attachment status-inherit hentry\" data-id=\"246\">\r\n\t\t<div class=\"w-grid-item-h\">\r\n\t\t\t\t\t\t<div class=\"w-post-elm post_image usg_post_image_1 has_ratio\"><img loading=\"lazy\" decoding=\"async\" width=\"1000\" height=\"725\" src=\"https:\/\/taluinsaat.com\/wp-content\/uploads\/2022\/04\/Abdullah-Gul-ile.jpg\" class=\"attachment-full size-full\" alt=\"\" srcset=\"https:\/\/taluinsaat.com\/wp-content\/uploads\/2022\/04\/Abdullah-Gul-ile.jpg 1000w, https:\/\/taluinsaat.com\/wp-content\/uploads\/2022\/04\/Abdullah-Gul-ile-300x218.jpg 300w\" sizes=\"auto, (max-width: 1000px) 100vw, 1000px\" \/><div style=\"padding-bottom:75%\"><\/div><\/div><p class=\"w-post-elm post_title usg_post_title_1 has_text_color align_center entry-title\">Abdullah G\u00fcl \u0130le<\/p>\t\t<\/div>\r\n\t\t\t<\/article>\r\n\t<article class=\"w-grid-item size_1x1 post-237 attachment type-attachment status-inherit hentry\" data-id=\"237\">\r\n\t\t<div class=\"w-grid-item-h\">\r\n\t\t\t\t\t\t<div class=\"w-post-elm post_image usg_post_image_1 has_ratio\"><img loading=\"lazy\" decoding=\"async\" width=\"1000\" height=\"738\" src=\"https:\/\/taluinsaat.com\/wp-content\/uploads\/2022\/04\/Turgut-Ozal-ile.jpg\" class=\"attachment-full size-full\" alt=\"\" srcset=\"https:\/\/taluinsaat.com\/wp-content\/uploads\/2022\/04\/Turgut-Ozal-ile.jpg 1000w, https:\/\/taluinsaat.com\/wp-content\/uploads\/2022\/04\/Turgut-Ozal-ile-300x221.jpg 300w\" sizes=\"auto, (max-width: 1000px) 100vw, 1000px\" \/><div style=\"padding-bottom:75%\"><\/div><\/div><p class=\"w-post-elm post_title usg_post_title_1 has_text_color align_center entry-title\">Turgut \u00d6zal ile<\/p>\t\t<\/div>\r\n\t\t\t<\/article>\r\n\t<article class=\"w-grid-item size_1x1 post-257 attachment type-attachment status-inherit hentry\" data-id=\"257\">\r\n\t\t<div class=\"w-grid-item-h\">\r\n\t\t\t\t\t\t<div class=\"w-post-elm post_image usg_post_image_1 has_ratio\"><img loading=\"lazy\" decoding=\"async\" width=\"1000\" height=\"725\" src=\"https:\/\/taluinsaat.com\/wp-content\/uploads\/2022\/04\/Yasser-Arafat-ile.jpg\" class=\"attachment-full size-full\" alt=\"\" srcset=\"https:\/\/taluinsaat.com\/wp-content\/uploads\/2022\/04\/Yasser-Arafat-ile.jpg 1000w, https:\/\/taluinsaat.com\/wp-content\/uploads\/2022\/04\/Yasser-Arafat-ile-300x218.jpg 300w\" sizes=\"auto, (max-width: 1000px) 100vw, 1000px\" \/><div style=\"padding-bottom:75%\"><\/div><\/div><p class=\"w-post-elm post_title usg_post_title_1 has_text_color align_center entry-title\">Yasser Arafat ile<\/p>\t\t<\/div>\r\n\t\t\t<\/article>\r\n\t<article class=\"w-grid-item size_1x1 post-244 attachment type-attachment status-inherit hentry\" data-id=\"244\">\r\n\t\t<div class=\"w-grid-item-h\">\r\n\t\t\t\t\t\t<div class=\"w-post-elm post_image usg_post_image_1 has_ratio\"><img loading=\"lazy\" decoding=\"async\" width=\"1000\" height=\"675\" src=\"https:\/\/taluinsaat.com\/wp-content\/uploads\/2022\/04\/Eski-Devlet-Bakani-Kamran-Inan-ile.jpg\" class=\"attachment-full size-full\" alt=\"\" srcset=\"https:\/\/taluinsaat.com\/wp-content\/uploads\/2022\/04\/Eski-Devlet-Bakani-Kamran-Inan-ile.jpg 1000w, https:\/\/taluinsaat.com\/wp-content\/uploads\/2022\/04\/Eski-Devlet-Bakani-Kamran-Inan-ile-300x203.jpg 300w\" sizes=\"auto, (max-width: 1000px) 100vw, 1000px\" \/><div style=\"padding-bottom:75%\"><\/div><\/div><p class=\"w-post-elm post_title usg_post_title_1 has_text_color align_center entry-title\">Eski Devlet Bakan\u0131 Kamran \u0130nan ile<\/p>\t\t<\/div>\r\n\t\t\t<\/article>\r\n\t<article class=\"w-grid-item size_1x1 post-238 attachment type-attachment status-inherit hentry\" data-id=\"238\">\r\n\t\t<div class=\"w-grid-item-h\">\r\n\t\t\t\t\t\t<div class=\"w-post-elm post_image usg_post_image_1 has_ratio\"><img loading=\"lazy\" decoding=\"async\" width=\"1000\" height=\"709\" src=\"https:\/\/taluinsaat.com\/wp-content\/uploads\/2022\/04\/IMG_20171004_0042.jpg\" class=\"attachment-full size-full\" alt=\"\" srcset=\"https:\/\/taluinsaat.com\/wp-content\/uploads\/2022\/04\/IMG_20171004_0042.jpg 1000w, https:\/\/taluinsaat.com\/wp-content\/uploads\/2022\/04\/IMG_20171004_0042-300x213.jpg 300w\" sizes=\"auto, (max-width: 1000px) 100vw, 1000px\" \/><div style=\"padding-bottom:75%\"><\/div><\/div><p class=\"w-post-elm post_title usg_post_title_1 has_text_color align_center entry-title\"><\/p>\t\t<\/div>\r\n\t\t\t<\/article>\r\n\t<article class=\"w-grid-item size_1x1 post-242 attachment type-attachment status-inherit hentry\" data-id=\"242\">\r\n\t\t<div class=\"w-grid-item-h\">\r\n\t\t\t\t\t\t<div class=\"w-post-elm post_image usg_post_image_1 has_ratio\"><img loading=\"lazy\" decoding=\"async\" width=\"1000\" height=\"704\" src=\"https:\/\/taluinsaat.com\/wp-content\/uploads\/2022\/04\/IMG_20170927_0008.jpg\" class=\"attachment-full size-full\" alt=\"\" srcset=\"https:\/\/taluinsaat.com\/wp-content\/uploads\/2022\/04\/IMG_20170927_0008.jpg 1000w, https:\/\/taluinsaat.com\/wp-content\/uploads\/2022\/04\/IMG_20170927_0008-300x211.jpg 300w\" sizes=\"auto, (max-width: 1000px) 100vw, 1000px\" \/><div style=\"padding-bottom:75%\"><\/div><\/div><p class=\"w-post-elm post_title usg_post_title_1 has_text_color align_center entry-title\"><\/p>\t\t<\/div>\r\n\t\t\t<\/article>\r\n<\/div><div class=\"w-grid-preloader\">\t<div class=\"g-preloader type_1\">\r\n\t\t<div><\/div>\r\n\t<\/div>\r\n\t<\/div>\t<div class=\"w-grid-json hidden\" onclick='return {&quot;action&quot;:&quot;us_ajax_grid&quot;,&quot;infinite_scroll&quot;:0,&quot;max_num_pages&quot;:2,&quot;pagination&quot;:&quot;none&quot;,&quot;template_vars&quot;:{&quot;columns&quot;:&quot;3&quot;,&quot;exclude_items&quot;:&quot;none&quot;,&quot;img_size&quot;:&quot;default&quot;,&quot;ignore_items_size&quot;:0,&quot;items_layout&quot;:&quot;124&quot;,&quot;items_offset&quot;:&quot;1&quot;,&quot;load_animation&quot;:&quot;none&quot;,&quot;overriding_link&quot;:&quot;{\\&quot;url\\&quot;:\\&quot;\\&quot;}&quot;,&quot;post_id&quot;:0,&quot;query_args&quot;:{&quot;post_type&quot;:[&quot;attachment&quot;],&quot;post__in&quot;:[&quot;245&quot;,&quot;236&quot;,&quot;243&quot;,&quot;240&quot;,&quot;246&quot;,&quot;237&quot;,&quot;257&quot;,&quot;244&quot;,&quot;238&quot;,&quot;242&quot;,&quot;241&quot;],&quot;post_status&quot;:&quot;inherit&quot;,&quot;post_mime_type&quot;:&quot;image&quot;,&quot;posts_per_page&quot;:&quot;10&quot;},&quot;orderby_query_args&quot;:{&quot;orderby&quot;:{&quot;post__in&quot;:&quot;ASC&quot;},&quot;order&quot;:&quot;ASC&quot;},&quot;type&quot;:&quot;grid&quot;,&quot;us_grid_post_type&quot;:&quot;attachment&quot;,&quot;us_grid_ajax_index&quot;:1,&quot;us_grid_filter_query_string&quot;:null,&quot;us_grid_index&quot;:1,&quot;page_args&quot;:[]}}'><\/div>\r\n\t<\/div><\/div><\/div><\/div><\/div><\/section>\n","protected":false},"excerpt":{"rendered":"","protected":false},"author":1,"featured_media":0,"parent":25,"menu_order":0,"comment_status":"closed","ping_status":"closed","template":"","meta":{"_acf_changed":false,"rank_math_lock_modified_date":false,"footnotes":""},"class_list":["post-224","page","type-page","status-publish","hentry"],"acf":[],"_links":{"self":[{"href":"https:\/\/taluinsaat.com\/index.php?rest_route=\/wp\/v2\/pages\/224","targetHints":{"allow":["GET"]}}],"collection":[{"href":"https:\/\/taluinsaat.com\/index.php?rest_route=\/wp\/v2\/pages"}],"about":[{"href":"https:\/\/taluinsaat.com\/index.php?rest_route=\/wp\/v2\/types\/page"}],"author":[{"embeddable":true,"href":"https:\/\/taluinsaat.com\/index.php?rest_route=\/wp\/v2\/users\/1"}],"replies":[{"embeddable":true,"href":"https:\/\/taluinsaat.com\/index.php?rest_route=%2Fwp%2Fv2%2Fcomments&post=224"}],"version-history":[{"count":23,"href":"https:\/\/taluinsaat.com\/index.php?rest_route=\/wp\/v2\/pages\/224\/revisions"}],"predecessor-version":[{"id":685,"href":"https:\/\/taluinsaat.com\/index.php?rest_route=\/wp\/v2\/pages\/224\/revisions\/685"}],"up":[{"embeddable":true,"href":"https:\/\/taluinsaat.com\/index.php?rest_route=\/wp\/v2\/pages\/25"}],"wp:attachment":[{"href":"https:\/\/taluinsaat.com\/index.php?rest_route=%2Fwp%2Fv2%2Fmedia&parent=224"}],"curies":[{"name":"wp","href":"https:\/\/api.w.org\/{rel}","templated":true}]}}