{"id":27,"date":"2022-04-07T20:41:04","date_gmt":"2022-04-07T20:41:04","guid":{"rendered":"https:\/\/amazing-heisenberg.176-53-62-50.plesk.page\/?page_id=27"},"modified":"2023-07-17T10:33:44","modified_gmt":"2023-07-17T10:33:44","slug":"faaliyet-alanlari","status":"publish","type":"page","link":"https:\/\/taluinsaat.com\/?page_id=27","title":{"rendered":"Faaliyet Alanlar\u0131"},"content":{"rendered":"<section class=\"l-section wpb_row height_auto\"><div class=\"l-section-h i-cf\"><div class=\"g-cols vc_row via_grid cols_1 laptops-cols_inherit tablets-cols_inherit mobiles-cols_1 valign_top type_default stacking_default\"><div class=\"wpb_column vc_column_container\"><div class=\"vc_column-inner\"><div class=\"w-image us_custom_9cbcbb15 style_shadow-2 align_center\"><div class=\"w-image-h\"><div class=\"w-image-shadow\" style=\"background-image:url(https:\/\/taluinsaat.com\/wp-content\/uploads\/2023\/07\/WhatsApp-Gorsel-2023-07-14-saat-10.03.42.jpg);\"><\/div><img decoding=\"async\" width=\"1600\" height=\"303\" src=\"https:\/\/taluinsaat.com\/wp-content\/uploads\/2023\/07\/WhatsApp-Gorsel-2023-07-14-saat-10.03.42.jpg\" class=\"attachment-full size-full\" alt=\"\" loading=\"lazy\" srcset=\"https:\/\/taluinsaat.com\/wp-content\/uploads\/2023\/07\/WhatsApp-Gorsel-2023-07-14-saat-10.03.42.jpg 1600w, https:\/\/taluinsaat.com\/wp-content\/uploads\/2023\/07\/WhatsApp-Gorsel-2023-07-14-saat-10.03.42-300x57.jpg 300w, https:\/\/taluinsaat.com\/wp-content\/uploads\/2023\/07\/WhatsApp-Gorsel-2023-07-14-saat-10.03.42-1024x194.jpg 1024w\" sizes=\"auto, (max-width: 1600px) 100vw, 1600px\" \/><\/div><\/div><div class=\"wpb_text_column us_custom_eb849559\"><div class=\"wpb_wrapper\"><p>Talu \u0130n\u015faat, y\u00f6netim kadrosunun yurt i\u00e7i ve yurt d\u0131\u015f\u0131 in\u015faat sekt\u00f6r\u00fcndeki altm\u0131\u015f y\u0131la varan tecr\u00fcbesi ile \u00f6zellikle Altyap\u0131, \u00dcstyap\u0131, Deniz \u0130\u015fleri, Elektromekanik \u0130\u015fler, Ar\u0131tma ve \u00c7evre Projeleri gibi faaliyet alanlar\u0131nda EPC modeli dahil olmak \u00fczere m\u00fcteahhitlik hizmetleri yapmakta ve proje y\u00f6netimi dan\u0131\u015fmanl\u0131k hizmeti vermektedir.<\/p>\n<\/div><\/div><div class=\"w-separator size_small\"><\/div><div class=\"w-tabs layout_hor style_modern switch_hover has_scrolling\" style=\"--sections-title-size:16px\"><div class=\"w-tabs-list items_6 align_center\" style=\"font-weight:700;\"><div class=\"w-tabs-list-h\"><button class=\"w-tabs-item active defined-active\" aria-controls=\"content-bc17\" aria-expanded=\"true\"><span class=\"w-tabs-item-title\">ALTYAPI<\/span><\/button><button class=\"w-tabs-item\" aria-controls=\"content-bc7e\" aria-expanded=\"false\"><span class=\"w-tabs-item-title\">\u00dcSTYAPI<\/span><\/button><button class=\"w-tabs-item\" aria-controls=\"content-dd14\" aria-expanded=\"false\"><span class=\"w-tabs-item-title\">ELEKTROMEKAN\u0130K \u0130\u015eLER<\/span><\/button><button class=\"w-tabs-item\" aria-controls=\"content-dd61\" aria-expanded=\"false\"><span class=\"w-tabs-item-title\">DEN\u0130Z \u0130\u015eLER\u0130<\/span><\/button><button class=\"w-tabs-item\" aria-controls=\"content-uda0\" aria-expanded=\"false\"><span class=\"w-tabs-item-title\">ARITMA ve \u00c7EVRE<\/span><\/button><button class=\"w-tabs-item\" aria-controls=\"content-b011\" aria-expanded=\"false\"><span class=\"w-tabs-item-title\">TARIM ve HAYVANCILIK<\/span><\/button><\/div><\/div><div class=\"w-tabs-sections titles-align_none icon_chevron cpos_right\"><div class=\"w-tabs-section active\" id=\"bc17\"><button class=\"w-tabs-section-header active\" aria-controls=\"content-bc17\" aria-expanded=\"true\"><div class=\"w-tabs-section-title\">ALTYAPI<\/div><div class=\"w-tabs-section-control\"><\/div><\/button><div  class=\"w-tabs-section-content\" id=\"content-bc17\"><div class=\"w-tabs-section-content-h i-cf\"><div class=\"w-iconbox iconpos_left style_circle color_primary align_left no_title\"><div class=\"w-iconbox-icon\" style=\"font-size:max( 40px, 4vw );\"><i class=\"fad fa-digging\"><\/i><\/div><div class=\"w-iconbox-meta\"><div class=\"w-iconbox-text\"><p>Otoyol, k\u00f6pr\u00fc, t\u00fcnel, viyad\u00fck gibi \u00e7e\u015fitli i\u015fleri i\u00e7eren bir\u00e7ok altyap\u0131 projesinde uzun y\u0131llard\u0131r s\u00fcregelen bir deneyime sahip olan Talu \u0130n\u015faat y\u00f6netim kadrosu 150 Km&#8217;nin \u00fczerinde otoyol, 12 Km&#8217;nin \u00fczerinde otoyol t\u00fcneli, 30 Km&#8217;nin \u00fczerinde metro t\u00fcneli, k\u00f6pr\u00fc ve viyad\u00fck i\u015flerini ba\u015far\u0131yla tamamlanm\u0131\u015ft\u0131r.<\/p>\n<\/div><\/div><\/div><\/div><\/div><\/div><div class=\"w-tabs-section\" id=\"bc7e\"><button class=\"w-tabs-section-header\" aria-controls=\"content-bc7e\" aria-expanded=\"false\"><div class=\"w-tabs-section-title\">\u00dcSTYAPI<\/div><div class=\"w-tabs-section-control\"><\/div><\/button><div  class=\"w-tabs-section-content\" id=\"content-bc7e\"><div class=\"w-tabs-section-content-h i-cf\"><div class=\"w-iconbox iconpos_left style_circle color_primary align_left no_title\"><div class=\"w-iconbox-icon\" style=\"font-size:max( 40px, 4vw );\"><i class=\"fad fa-building\"><\/i><\/div><div class=\"w-iconbox-meta\"><div class=\"w-iconbox-text\"><p>Talu \u0130n\u015faat, tecr\u00fcbeli kadrosuyla birlikte \u00fcst yap\u0131 projelerinde de hizmet vermektedir.<\/p>\n<\/div><\/div><\/div><\/div><\/div><\/div><div class=\"w-tabs-section\" id=\"dd14\"><button class=\"w-tabs-section-header\" aria-controls=\"content-dd14\" aria-expanded=\"false\"><div class=\"w-tabs-section-title\">ELEKTROMEKAN\u0130K \u0130\u015eLER<\/div><div class=\"w-tabs-section-control\"><\/div><\/button><div  class=\"w-tabs-section-content\" id=\"content-dd14\"><div class=\"w-tabs-section-content-h i-cf\"><div class=\"w-iconbox iconpos_left style_circle color_primary align_left no_title\"><div class=\"w-iconbox-icon\" style=\"font-size:max( 40px, 4vw );\"><i class=\"fad fa-bolt\"><\/i><\/div><div class=\"w-iconbox-meta\"><div class=\"w-iconbox-text\"><p>Talu \u0130n\u015faat, rayl\u0131 sistem projelerinde a\u015fa\u011f\u0131dakiler ile s\u0131n\u0131rl\u0131 olmamak \u00fczere a\u015fa\u011f\u0131daki faaliyet ve hizmetlerin temininde y\u00fcksek tecr\u00fcbe ve g\u00fcvenilirli\u011fe sahiptir:<br \/>\n&#8211; E&amp;M i\u015flerin anahtar teslim ifas\u0131<br \/>\n&#8211; Teknik dan\u0131\u015fmanl\u0131k<br \/>\n&#8211; Aray\u00fcz y\u00f6netimi<br \/>\n&#8211; Sistem m\u00fchendisli\u011fi deste\u011fi<br \/>\n&#8211; MWWS firmas\u0131 ile olan i\u015fbirli\u011fi anla\u015fmas\u0131 ile yerli ve yabanc\u0131 projelere PAKS sistemi temini<br \/>\n&#8211; Geli\u015ftirme ve m\u00fclkiyeti Talu \u0130n\u015faat&#8217; a ait olan Titu_SH yaz\u0131l\u0131m\u0131 ile ihale haz\u0131rl\u0131\u011f\u0131 ve yap\u0131m a\u015famas\u0131ndaki t\u00fcm rayl\u0131 sistem projelerine i\u015fletme sim\u00fclasyonu temini. Mevzu bahis sim\u00fclasyon yaz\u0131l\u0131m\u0131 ile:<br \/>\n&#8211; Muhtemel proje g\u00fczergahlar\u0131ndan en y\u00fcksek i\u015fletmecilik verimini sa\u011flayacak olan\u0131n tespiti<br \/>\n&#8211; Duru\u015f mahalleri ya da h\u0131z tahdit kesimleri sonras\u0131nda yer alabilecek makas kesimlerine uygun makas tipinin tespiti<br \/>\n&#8211; Planlanan duru\u015f ve gareleme mahallerinin i\u015fletmecili\u011fe olan tesir ve veriminin tespiti<br \/>\n&#8211; Karma i\u015fletmecilik planlanan hatlarda m\u00fcnasip dever de\u011ferinin tespiti i\u00e7in, kesimlerin ekseriyetle maruz kalacaklar\u0131 h\u0131z de\u011ferlerinin tespiti<br \/>\n&#8211; Kalk\u0131\u015f ve duru\u015f mahalleri aras\u0131ndaki temsili seyir s\u00fcrelerinin ve toplam seyir s\u00fcresinin tespiti<br \/>\n&#8211; Y\u00fck ta\u015f\u0131mac\u0131l\u0131\u011f\u0131 yap\u0131lacak hatlarda m\u00fcmk\u00fcn ve verimli tren te\u015fkilinin (azami tonaj, asgari \u00e7eker g\u00fcc\u00fc tayini gibi) tespiti<br \/>\n&#8211; Kapasite hesab\u0131<br \/>\n&#8211; Hat tasar\u0131m\u0131 ve yap\u0131s\u0131 nedeniyle planlanan sefer s\u0131kl\u0131\u011f\u0131nda dar bo\u011faz olu\u015fturabilecek kesimlerin tespiti<\/p>\n<\/div><\/div><\/div><\/div><\/div><\/div><div class=\"w-tabs-section\" id=\"dd61\"><button class=\"w-tabs-section-header\" aria-controls=\"content-dd61\" aria-expanded=\"false\"><div class=\"w-tabs-section-title\">DEN\u0130Z \u0130\u015eLER\u0130<\/div><div class=\"w-tabs-section-control\"><\/div><\/button><div  class=\"w-tabs-section-content\" id=\"content-dd61\"><div class=\"w-tabs-section-content-h i-cf\"><div class=\"w-iconbox iconpos_left style_circle color_primary align_left no_title\"><div class=\"w-iconbox-icon\" style=\"font-size:max( 40px, 4vw );\"><i class=\"fad fa-ship\"><\/i><\/div><div class=\"w-iconbox-meta\"><div class=\"w-iconbox-text\"><p>Talu \u0130n\u015faat; deniz in\u015faat i\u015fleri kapsam\u0131nda iskele, r\u0131ht\u0131m, dolgu ve mendirek in\u015faatlar\u0131 ile su alma ve de\u015farj yap\u0131lar\u0131 konular\u0131nda yurt i\u00e7i ve yurt d\u0131\u015f\u0131 tecr\u00fcbelerine sahip uzman kadrosuyal hizmet vermektedir.<\/p>\n<\/div><\/div><\/div><\/div><\/div><\/div><div class=\"w-tabs-section\" id=\"uda0\"><button class=\"w-tabs-section-header\" aria-controls=\"content-uda0\" aria-expanded=\"false\"><div class=\"w-tabs-section-title\">ARITMA ve \u00c7EVRE<\/div><div class=\"w-tabs-section-control\"><\/div><\/button><div  class=\"w-tabs-section-content\" id=\"content-uda0\"><div class=\"w-tabs-section-content-h i-cf\"><div class=\"w-iconbox iconpos_left style_circle color_primary align_left no_title\"><div class=\"w-iconbox-icon\" style=\"font-size:max( 40px, 4vw );\"><i class=\"fad fa-leaf\"><\/i><\/div><div class=\"w-iconbox-meta\"><div class=\"w-iconbox-text\"><p>Ar\u0131tma ve \u00c7evre i\u015flerinde hem yurt i\u00e7i hem yurt d\u0131\u015f\u0131 tecr\u00fcbeye sahip olan Talu \u0130n\u015faat ekibi, sulama kanal\u0131, ar\u0131tma tesisi ve isale hatt\u0131 projelerinde g\u00f6rev alm\u0131\u015ft\u0131r.<\/p>\n<\/div><\/div><\/div><\/div><\/div><\/div><div class=\"w-tabs-section\" id=\"b011\"><button class=\"w-tabs-section-header\" aria-controls=\"content-b011\" aria-expanded=\"false\"><div class=\"w-tabs-section-title\">TARIM ve HAYVANCILIK<\/div><div class=\"w-tabs-section-control\"><\/div><\/button><div  class=\"w-tabs-section-content\" id=\"content-b011\"><div class=\"w-tabs-section-content-h i-cf\"><div class=\"w-iconbox iconpos_left style_default color_primary align_left no_title icontype_img\"><a target=\"_blank\" rel=\"nofollow noopener\" href=\"https:\/\/taluciftligi.com.tr\/\" class=\"w-iconbox-link\" aria-label=\"fad|digging\"><div class=\"w-iconbox-icon\" style=\"font-size:max( 90px, 9vw );\"><img loading=\"lazy\" decoding=\"async\" width=\"944\" height=\"902\" src=\"https:\/\/taluinsaat.com\/wp-content\/uploads\/2023\/07\/IMG_9375.png\" class=\"attachment-full size-full\" alt=\"\" srcset=\"https:\/\/taluinsaat.com\/wp-content\/uploads\/2023\/07\/IMG_9375.png 944w, https:\/\/taluinsaat.com\/wp-content\/uploads\/2023\/07\/IMG_9375-300x287.png 300w\" sizes=\"auto, (max-width: 944px) 100vw, 944px\" \/><\/div><\/a><div class=\"w-iconbox-meta\"><div class=\"w-iconbox-text\"><p>Kurulu\u015f misyonu sa\u011fl\u0131kl\u0131 beslenme olan <a href=\"https:\/\/taluciftligi.com.tr\/\" target=\"_blank\" rel=\"noopener\"><strong>Talu \u00c7iftli\u011fi<\/strong><\/a> kuruldu\u011fu g\u00fcnden bug\u00fcne siz t\u00fcketicilerimiz i\u00e7in sa\u011fl\u0131kl\u0131 ve g\u00fcvenilir s\u00fct ve et \u00fcretimi yapmaktad\u0131r. \u00c7iftli\u011fimizde Hostein ve Jersey \u0131rk\u0131 ineklerimiz ayr\u0131 sa\u011f\u0131mhanelerde sa\u011f\u0131l\u0131p toplamda 15 ton g\u00fcnl\u00fck s\u00fct \u00fcretmektedir.\u00dcretti\u011fimiz s\u00fctler ya\u011f\u0131 al\u0131nmadan katk\u0131s\u0131z ve i\u015flem g\u00f6rmemi\u015f \u015fekilde sizlere sunulmaktad\u0131r.<\/p>\n<\/div><\/div><\/div><\/div><\/div><\/div><\/div><\/div><div class=\"w-separator size_medium\"><\/div><\/div><\/div><\/div><\/div><\/section>\n","protected":false},"excerpt":{"rendered":"Talu \u0130n\u015faat, y\u00f6netim kadrosunun yurt i\u00e7i ve yurt d\u0131\u015f\u0131 in\u015faat sekt\u00f6r\u00fcndeki altm\u0131\u015f y\u0131la varan tecr\u00fcbesi ile \u00f6zellikle Altyap\u0131, \u00dcstyap\u0131, Deniz \u0130\u015fleri, Elektromekanik \u0130\u015fler, Ar\u0131tma ve \u00c7evre Projeleri gibi faaliyet alanlar\u0131nda EPC modeli dahil olmak \u00fczere m\u00fcteahhitlik hizmetleri yapmakta ve proje y\u00f6netimi dan\u0131\u015fmanl\u0131k hizmeti vermektedir. ALTYAPI\u00dcSTYAPIELEKTROMEKAN\u0130K \u0130\u015eLERDEN\u0130Z \u0130\u015eLER\u0130ARITMA ve \u00c7EVRETARIM ve HAYVANCILIKALTYAPIOtoyol, k\u00f6pr\u00fc, t\u00fcnel, viyad\u00fck gibi...","protected":false},"author":1,"featured_media":0,"parent":0,"menu_order":0,"comment_status":"closed","ping_status":"closed","template":"","meta":{"_acf_changed":false,"rank_math_lock_modified_date":false,"footnotes":""},"class_list":["post-27","page","type-page","status-publish","hentry"],"acf":[],"_links":{"self":[{"href":"https:\/\/taluinsaat.com\/index.php?rest_route=\/wp\/v2\/pages\/27","targetHints":{"allow":["GET"]}}],"collection":[{"href":"https:\/\/taluinsaat.com\/index.php?rest_route=\/wp\/v2\/pages"}],"about":[{"href":"https:\/\/taluinsaat.com\/index.php?rest_route=\/wp\/v2\/types\/page"}],"author":[{"embeddable":true,"href":"https:\/\/taluinsaat.com\/index.php?rest_route=\/wp\/v2\/users\/1"}],"replies":[{"embeddable":true,"href":"https:\/\/taluinsaat.com\/index.php?rest_route=%2Fwp%2Fv2%2Fcomments&post=27"}],"version-history":[{"count":18,"href":"https:\/\/taluinsaat.com\/index.php?rest_route=\/wp\/v2\/pages\/27\/revisions"}],"predecessor-version":[{"id":993,"href":"https:\/\/taluinsaat.com\/index.php?rest_route=\/wp\/v2\/pages\/27\/revisions\/993"}],"wp:attachment":[{"href":"https:\/\/taluinsaat.com\/index.php?rest_route=%2Fwp%2Fv2%2Fmedia&parent=27"}],"curies":[{"name":"wp","href":"https:\/\/api.w.org\/{rel}","templated":true}]}}