{"id":291,"date":"2022-04-10T19:43:11","date_gmt":"2022-04-10T19:43:11","guid":{"rendered":"https:\/\/amazing-heisenberg.176-53-62-50.plesk.page\/?page_id=291"},"modified":"2022-04-10T19:48:07","modified_gmt":"2022-04-10T19:48:07","slug":"vizyonumuz-ve-misyonumuz","status":"publish","type":"page","link":"https:\/\/taluinsaat.com\/?page_id=291","title":{"rendered":"Vizyonumuz ve Misyonumuz"},"content":{"rendered":"<section class=\"l-section wpb_row us_custom_cdf14ffd height_auto\"><div class=\"l-section-h i-cf\"><div class=\"g-cols vc_row via_grid cols_2 laptops-cols_inherit tablets-cols_inherit mobiles-cols_1 valign_middle type_boxes reversed stacking_default\" style=\"--gap:0rem;\"><div class=\"wpb_column vc_column_container us_custom_3cf76f22 has_bg_color\"><div class=\"vc_column-inner\"><\/div><\/div><div class=\"wpb_column vc_column_container us_custom_92d565f4 has_text_color has_bg_color\"><div class=\"vc_column-inner\"><div class=\"wpb_text_column\"><div class=\"wpb_wrapper\"><h2><strong>V\u0130ZYONUMUZ<\/strong><\/h2>\n<p>Talu \u0130n\u015faat, m\u00fchendislik, in\u015faat ve proje y\u00f6netiminde ulusal ve uluslararas\u0131 pazarda s\u00f6z sahibi, \u00fcreten, rekabet edebilen, en iyi ve yenilik\u00e7i bir firma olmay\u0131 hedefler.<\/p>\n<\/div><\/div><\/div><\/div><\/div><\/div><\/section><section class=\"l-section wpb_row us_custom_4f24afa8 height_auto\"><div class=\"l-section-h i-cf\"><div class=\"g-cols vc_row via_grid cols_2 laptops-cols_inherit tablets-cols_inherit mobiles-cols_1 valign_middle type_boxes reversed stacking_default\" style=\"--gap:0rem;\"><div class=\"wpb_column vc_column_container us_custom_92d565f4 has_text_color has_bg_color\"><div class=\"vc_column-inner\"><div class=\"wpb_text_column\"><div class=\"wpb_wrapper\"><h2><strong>M\u0130SYONUMUZ<\/strong><\/h2>\n<p>Talu \u0130n\u015faat, ulusal ve uluslararas\u0131 alanda ak\u0131lda kal\u0131c\u0131 projeler ger\u00e7ekle\u015ftirir. Projelerini uluslararas\u0131 kalite standartlar\u0131nda, yenilik\u00e7i teknoloji ve uygun maliyetler ile tasarlayarak, sayg\u0131n, g\u00fcvenilir ve tercih edilen marka olma \u00f6zelli\u011fini artt\u0131rarak s\u00fcrd\u00fcr\u00fcr.<\/p>\n<\/div><\/div><\/div><\/div><div class=\"wpb_column vc_column_container us_custom_13890b3b has_bg_color\"><div class=\"vc_column-inner\"><\/div><\/div><\/div><\/div><\/section>\n","protected":false},"excerpt":{"rendered":"V\u0130ZYONUMUZ Talu \u0130n\u015faat, m\u00fchendislik, in\u015faat ve proje y\u00f6netiminde ulusal ve uluslararas\u0131 pazarda s\u00f6z sahibi, \u00fcreten, rekabet edebilen, en iyi ve yenilik\u00e7i bir firma olmay\u0131 hedefler. M\u0130SYONUMUZ Talu \u0130n\u015faat, ulusal ve uluslararas\u0131 alanda ak\u0131lda kal\u0131c\u0131 projeler ger\u00e7ekle\u015ftirir. Projelerini uluslararas\u0131 kalite standartlar\u0131nda, yenilik\u00e7i teknoloji ve uygun maliyetler ile tasarlayarak, sayg\u0131n, g\u00fcvenilir ve tercih edilen marka olma \u00f6zelli\u011fini...","protected":false},"author":1,"featured_media":0,"parent":25,"menu_order":0,"comment_status":"closed","ping_status":"closed","template":"","meta":{"_acf_changed":false,"rank_math_lock_modified_date":false,"footnotes":""},"class_list":["post-291","page","type-page","status-publish","hentry"],"acf":[],"_links":{"self":[{"href":"https:\/\/taluinsaat.com\/index.php?rest_route=\/wp\/v2\/pages\/291","targetHints":{"allow":["GET"]}}],"collection":[{"href":"https:\/\/taluinsaat.com\/index.php?rest_route=\/wp\/v2\/pages"}],"about":[{"href":"https:\/\/taluinsaat.com\/index.php?rest_route=\/wp\/v2\/types\/page"}],"author":[{"embeddable":true,"href":"https:\/\/taluinsaat.com\/index.php?rest_route=\/wp\/v2\/users\/1"}],"replies":[{"embeddable":true,"href":"https:\/\/taluinsaat.com\/index.php?rest_route=%2Fwp%2Fv2%2Fcomments&post=291"}],"version-history":[{"count":4,"href":"https:\/\/taluinsaat.com\/index.php?rest_route=\/wp\/v2\/pages\/291\/revisions"}],"predecessor-version":[{"id":297,"href":"https:\/\/taluinsaat.com\/index.php?rest_route=\/wp\/v2\/pages\/291\/revisions\/297"}],"up":[{"embeddable":true,"href":"https:\/\/taluinsaat.com\/index.php?rest_route=\/wp\/v2\/pages\/25"}],"wp:attachment":[{"href":"https:\/\/taluinsaat.com\/index.php?rest_route=%2Fwp%2Fv2%2Fmedia&parent=291"}],"curies":[{"name":"wp","href":"https:\/\/api.w.org\/{rel}","templated":true}]}}