{"id":317,"date":"2022-04-10T20:25:31","date_gmt":"2022-04-10T20:25:31","guid":{"rendered":"https:\/\/amazing-heisenberg.176-53-62-50.plesk.page\/?page_id=317"},"modified":"2026-01-12T15:15:46","modified_gmt":"2026-01-12T15:15:46","slug":"kalite-politikamiz","status":"publish","type":"page","link":"https:\/\/taluinsaat.com\/?page_id=317","title":{"rendered":"Kalite Politikam\u0131z"},"content":{"rendered":"<section class=\"l-section wpb_row height_medium\"><div class=\"l-section-h i-cf\"><div class=\"g-cols vc_row via_grid cols_1-3 laptops-cols_inherit tablets-cols_inherit mobiles-cols_1 valign_top type_default stacking_default\"><div class=\"wpb_column vc_column_container us_custom_a98f38d1 has_bg_color\"><div class=\"vc_column-inner\"><\/div><\/div><div class=\"wpb_column vc_column_container\"><div class=\"vc_column-inner\"><h6 class=\"w-text us_custom_7bef5ef6\"><span class=\"w-text-h\"><span class=\"w-text-value\">Talu \u0130n\u015faat<\/span><\/span><\/h6><h2 class=\"w-text us_custom_785e50b2\"><span class=\"w-text-h\"><span class=\"w-text-value\">Kalite Politikam\u0131z<\/span><\/span><\/h2><div class=\"wpb_text_column\"><div class=\"wpb_wrapper\"><ul>\n<li><strong>Talu \u0130n\u015faat <\/strong>olarak Altyap\u0131, \u00dcst yap\u0131, Deniz \u0130\u015fleri, Ar\u0131tma ve \u00c7evre Projeleri alanlar\u0131nda m\u00fchendislik ve m\u00fcteahhit hizmetleri faaliyetleri kapsam\u0131nda t\u00fcm \u00e7al\u0131\u015fanlar\u0131m\u0131z\u0131n kat\u0131l\u0131m ve gayreti ile payda\u015flar\u0131m\u0131z\u0131n ihtiya\u00e7 ve beklentilerini kar\u015f\u0131lamak i\u00e7in projeler ve hizmetler ger\u00e7ekle\u015ftirmek,<\/li>\n<li>Yurt i\u00e7i ve yurt d\u0131\u015f\u0131 pazarlar\u0131nda artt\u0131rmak i\u00e7in gerekli olan hizmet faaliyetlerini ger\u00e7ekle\u015ftirmek,<\/li>\n<li>\u00c7evresel fakt\u00f6rleri ve i\u015f g\u00fcvenli\u011fi kurallar\u0131n\u0131 g\u00f6z \u00f6n\u00fcnde bulundurarak kalite y\u00f6netim sistemi \u015fartlar\u0131na uymak ve s\u00fcrekli iyile\u015ftirmeyi sa\u011flamak,<\/li>\n<li>Kalite standartlar\u0131m\u0131z\u0131 en y\u00fcksek de\u011ferlerde tutarak ve yasal gereklilikleri yerine getirerek, uluslararas\u0131 ve ulusal standartlara uygun hizmetleri yaparak \u00f6nc\u00fc bir \u015firket olmak<\/li>\n<li>Mevzuatlar \u00e7er\u00e7evesinde hizmet tesis ederken gerek personelimizin gerekse yararlan\u0131c\u0131lar\u0131m\u0131z\u0131n memnuniyetini en y\u00fcksek seviyeye ta\u015f\u0131mak,<\/li>\n<li>\u00c7al\u0131\u015fanlar\u0131m\u0131z\u0131n sundu\u011fu hizmetin kalitesini artt\u0131r\u0131c\u0131 ve ki\u015fisel becerilerini geli\u015ftirici e\u011fitimler almalar\u0131n\u0131 sa\u011flamak,<\/li>\n<li>M\u00fc\u015fteri ihtiya\u00e7lar\u0131n\u0131 ve uygulanabilir birincil ve ikincil mevzuat \u015fartlar\u0131na uygun olarak kar\u015f\u0131lanaca\u011f\u0131n\u0131 sa\u011flamak,<\/li>\n<li>Hizmetlerin sunumunu ve uygunlu\u011funu etkileyebilecek risk ve f\u0131rsatlar ile m\u00fc\u015fteri memnuniyetinin art\u0131r\u0131lmas\u0131 sa\u011flamak,<\/li>\n<li>M\u00fc\u015fteri memnuniyetinin art\u0131r\u0131lmas\u0131n\u0131 ve s\u00fcrd\u00fcr\u00fclmesini sa\u011flamak,<\/li>\n<li>\u00c7evresel s\u00fcrd\u00fcr\u00fclebilirli\u011fin sa\u011flanmas\u0131 ve iklim de\u011fi\u015fikli\u011fine y\u00f6nelik \u00e7evreye duyarl\u0131 ve sosyal sorumlulu\u011fun bilincinde \u00e7al\u0131\u015fmalar\u0131 s\u00fcrd\u00fcrmek<\/li>\n<li>Faaliyet kapsam\u0131nda kullan\u0131lacak \u00fcr\u00fcnlerin \u00e7evreye duyarl\u0131 ve d\u00f6n\u00fc\u015ft\u00fcr\u00fclen \u00fcr\u00fcnlerin kullan\u0131m\u0131na \u00f6zen g\u00f6stermek<\/li>\n<li>Toplam kaliteye en ekonomik, en h\u0131zl\u0131 ve en k\u0131sa yoldan ula\u015farak hizmet \u00fcretti\u011fimiz t\u00fcm kesimlerin g\u00fcvenini kazanmak ve bunu s\u00fcrd\u00fcrebilmek ve s\u00fcrekli iyile\u015ftirmek hepimizin en \u00f6nemli g\u00f6revidir.<\/li>\n<\/ul>\n<\/div><\/div><\/div><\/div><\/div><\/div><\/section><section class=\"l-section wpb_row height_medium\"><div class=\"l-section-h i-cf\"><div class=\"g-cols vc_row via_grid cols_1-3 laptops-cols_inherit tablets-cols_inherit mobiles-cols_1 valign_top type_default stacking_default\"><div class=\"wpb_column vc_column_container us_custom_44f278db has_bg_color\"><div class=\"vc_column-inner\"><\/div><\/div><div class=\"wpb_column vc_column_container\"><div class=\"vc_column-inner\"><h6 class=\"w-text us_custom_7bef5ef6\"><span class=\"w-text-h\"><span class=\"w-text-value\">Talu \u0130n\u015faat<\/span><\/span><\/h6><h2 class=\"w-text us_custom_785e50b2\"><span class=\"w-text-h\"><span class=\"w-text-value\">ISO Belgelerimiz<\/span><\/span><\/h2><div class=\"w-separator size_medium\"><\/div><div class=\"w-btn-wrapper align_none\"><a class=\"w-btn us-btn-style_3 icon_atleft\" target=\"_blank\" rel=\"nofollow\" href=\"https:\/\/taluinsaat.com\/wp-content\/uploads\/2026\/01\/ISO9001_TR_.pdf\"><i class=\"fad fa-download\"><\/i><span class=\"w-btn-label\">ISO 9001 Kalite Y\u00f6netim Sistemi Belgesi<\/span><\/a><\/div><div class=\"w-btn-wrapper align_none\"><a class=\"w-btn us-btn-style_3 icon_atleft\" target=\"_blank\" rel=\"nofollow\" href=\"https:\/\/taluinsaat.com\/wp-content\/uploads\/2026\/01\/ISO14001_TR_.pdf\"><i class=\"fad fa-download\"><\/i><span class=\"w-btn-label\">ISO 14001 \u00c7evre Y\u00f6netim Sistemi Belgesi<\/span><\/a><\/div><div class=\"w-btn-wrapper align_none\"><a class=\"w-btn us-btn-style_3 icon_atleft\" href=\"https:\/\/taluinsaat.com\/wp-content\/uploads\/2026\/01\/ISO45001_TR_.pdf\"><i class=\"fad fa-download\"><\/i><span class=\"w-btn-label\">ISO 45001 \u0130\u015f Sa\u011fl\u0131\u011f\u0131 ve G\u00fcvenli\u011fi Y\u00f6netim Sistemi Belgesi<\/span><\/a><\/div><\/div><\/div><\/div><\/div><\/section>\n","protected":false},"excerpt":{"rendered":"Talu \u0130n\u015faatKalite Politikam\u0131z Talu \u0130n\u015faat olarak Altyap\u0131, \u00dcst yap\u0131, Deniz \u0130\u015fleri, Ar\u0131tma ve \u00c7evre Projeleri alanlar\u0131nda m\u00fchendislik ve m\u00fcteahhit hizmetleri faaliyetleri kapsam\u0131nda t\u00fcm \u00e7al\u0131\u015fanlar\u0131m\u0131z\u0131n kat\u0131l\u0131m ve gayreti ile payda\u015flar\u0131m\u0131z\u0131n ihtiya\u00e7 ve beklentilerini kar\u015f\u0131lamak i\u00e7in projeler ve hizmetler ger\u00e7ekle\u015ftirmek, Yurt i\u00e7i ve yurt d\u0131\u015f\u0131 pazarlar\u0131nda artt\u0131rmak i\u00e7in gerekli olan hizmet faaliyetlerini ger\u00e7ekle\u015ftirmek, \u00c7evresel fakt\u00f6rleri ve i\u015f...","protected":false},"author":1,"featured_media":0,"parent":25,"menu_order":0,"comment_status":"closed","ping_status":"closed","template":"","meta":{"_acf_changed":false,"rank_math_lock_modified_date":false,"footnotes":""},"class_list":["post-317","page","type-page","status-publish","hentry"],"acf":[],"_links":{"self":[{"href":"https:\/\/taluinsaat.com\/index.php?rest_route=\/wp\/v2\/pages\/317","targetHints":{"allow":["GET"]}}],"collection":[{"href":"https:\/\/taluinsaat.com\/index.php?rest_route=\/wp\/v2\/pages"}],"about":[{"href":"https:\/\/taluinsaat.com\/index.php?rest_route=\/wp\/v2\/types\/page"}],"author":[{"embeddable":true,"href":"https:\/\/taluinsaat.com\/index.php?rest_route=\/wp\/v2\/users\/1"}],"replies":[{"embeddable":true,"href":"https:\/\/taluinsaat.com\/index.php?rest_route=%2Fwp%2Fv2%2Fcomments&post=317"}],"version-history":[{"count":16,"href":"https:\/\/taluinsaat.com\/index.php?rest_route=\/wp\/v2\/pages\/317\/revisions"}],"predecessor-version":[{"id":1333,"href":"https:\/\/taluinsaat.com\/index.php?rest_route=\/wp\/v2\/pages\/317\/revisions\/1333"}],"up":[{"embeddable":true,"href":"https:\/\/taluinsaat.com\/index.php?rest_route=\/wp\/v2\/pages\/25"}],"wp:attachment":[{"href":"https:\/\/taluinsaat.com\/index.php?rest_route=%2Fwp%2Fv2%2Fmedia&parent=317"}],"curies":[{"name":"wp","href":"https:\/\/api.w.org\/{rel}","templated":true}]}}