{"id":606,"date":"2022-06-08T17:48:29","date_gmt":"2022-06-08T17:48:29","guid":{"rendered":"https:\/\/taluinsaat.com\/?page_id=606"},"modified":"2026-01-07T10:54:34","modified_gmt":"2026-01-07T10:54:34","slug":"contact","status":"publish","type":"page","link":"https:\/\/taluinsaat.com\/?page_id=606&lang=en","title":{"rendered":"Contact"},"content":{"rendered":"<section class=\"l-section wpb_row height_medium\"><div class=\"l-section-h i-cf\"><div class=\"g-cols vc_row via_grid cols_2 laptops-cols_inherit tablets-cols_inherit mobiles-cols_1 valign_top type_default stacking_default\"><div class=\"wpb_column vc_column_container\"><div class=\"vc_column-inner\"><div class=\"w-vwrapper align_none valign_top\"><div class=\"w-text us_custom_f1c112c0\"><span class=\"w-text-h\"><span class=\"w-text-value\">TALU CONSTRUCT\u0130ON HEAD OFFICE<\/span><\/span><\/div><div class=\"w-map provider_osm us_custom_edb46d4b\" id=\"us_map_1\"><div class=\"w-map-inner\"><div class=\"w-map-json\" onclick='return {&quot;address&quot;:&quot;41.094661, 29.099951&quot;,&quot;disableDragging&quot;:0,&quot;disableZoom&quot;:0,&quot;hideControls&quot;:1,&quot;zoom&quot;:17,&quot;markers&quot;:[{&quot;address&quot;:&quot;41.094661, 29.099951&quot;,&quot;html&quot;:&quot;&quot;,&quot;infowindow&quot;:0}],&quot;style&quot;:&quot;https:\\\/\\\/server.arcgisonline.com\\\/ArcGIS\\\/rest\\\/services\\\/World_Imagery\\\/MapServer\\\/tile\\\/{z}\\\/{y}\\\/{x}&quot;}'><\/div><\/div><\/div><div class=\"wpb_text_column\"><div class=\"wpb_wrapper\"><p style=\"text-align: center;\"><span class=\"w-contacts-item-value\">+90 216 680 2323<br \/><a href=\"mailto:info@taluinsaat.com\">info@taluinsaat.com<\/a><br \/>R\u00fczgarl\u0131bah\u00e7e Mah. Cumhuriyet Cad. No:22 Kat:5<br \/>P.K:34805 G\u00fclsan Plaza Kavac\u0131k Beykoz \u0130stanbul\/T\u00dcRK\u0130YE<br \/><\/span><\/p>\n<\/div><\/div><\/div><div class=\"w-separator size_small with_line width_default thick_1 style_solid color_border align_center\"><div class=\"w-separator-h\"><\/div><\/div><div class=\"w-vwrapper align_none valign_top\"><div class=\"w-text us_custom_62e9a7f8\"><span class=\"w-text-h\"><span class=\"w-text-value\">TALU Construction Iraq Office<\/span><\/span><\/div><div class=\"wpb_text_column\"><div class=\"wpb_wrapper\"><p style=\"text-align: center;\">+964 783 752 48 27<br \/><a href=\"mailto:info@taluinsaat.com\">info@taluinsaat.com<\/a><br \/>Sanaa District, Near Technological Science University, M305\/D1 Basra \/ Iraq<\/p>\n<\/div><\/div><\/div><div class=\"w-separator size_small with_line width_default thick_1 style_solid color_border align_center\"><div class=\"w-separator-h\"><\/div><\/div><div class=\"w-vwrapper align_none valign_top\"><div class=\"w-text us_custom_62e9a7f8\"><span class=\"w-text-h\"><span class=\"w-text-value\">TALU Construction Libya Office<\/span><\/span><\/div><div class=\"wpb_text_column\"><div class=\"wpb_wrapper\"><p style=\"text-align: center;\">+90 534 950 83 81<br \/><a href=\"mailto:info@taluinsaat.com\">info@taluinsaat.com<\/a><br \/>Central Tripoli Street, Mizran Area, Tripoli \/ Libya<\/p>\n<\/div><\/div><\/div><\/div><\/div><div class=\"wpb_column vc_column_container type_sticky\"><div class=\"vc_column-inner\"><div class=\"w-text us_custom_712c79de\"><span class=\"w-text-h\"><span class=\"w-text-value\">Contact Us<\/span><\/span><\/div><div class=\"w-separator size_small\"><\/div><form class=\"w-form  layout_ver for_cform us_form_1\" autocomplete=\"off\" action=\"https:\/\/taluinsaat.com\/index.php?rest_route=%2Fwp%2Fv2%2Fpages%2F606\" method=\"post\"><div class=\"w-form-h\"><div class=\"w-form-row for_text\">\r\n\t\t<div class=\"w-form-row-field\">\r\n\t\t\t\t\t\t<input aria-label=\"Name\" type=\"text\" name=\"us_form_1_text_1\" value placeholder=\"Name\"\/>\r\n\t\t\t<\/div>\r\n\t\t<div class=\"w-form-row-state\">Fill out this field<\/div>\r\n<\/div>\r\n<div class=\"w-form-row for_email\">\r\n\t\t<div class=\"w-form-row-field\">\r\n\t\t\t\t\t\t<input aria-label=\"E-mail\" type=\"email\" name=\"us_form_1_email_1\" value placeholder=\"E-mail\"\/>\r\n\t\t\t<\/div>\r\n\t\t<div class=\"w-form-row-state\">L\u00fctfen ge\u00e7erli bir e-posta adresi yaz\u0131n.<\/div>\r\n<\/div>\r\n<div class=\"w-form-row for_text\">\r\n\t\t<div class=\"w-form-row-field\">\r\n\t\t\t\t\t\t<input aria-label=\"Subject\" type=\"text\" name=\"us_form_1_text_2\" value placeholder=\"Subject\"\/>\r\n\t\t\t<\/div>\r\n\t\t<div class=\"w-form-row-state\">Fill out this field<\/div>\r\n<\/div>\r\n<div class=\"w-form-row for_text\">\r\n\t\t<div class=\"w-form-row-field\">\r\n\t\t\t\t\t\t<input aria-label=\"Company\" type=\"text\" name=\"us_form_1_text_3\" value placeholder=\"Company\"\/>\r\n\t\t\t<\/div>\r\n\t\t<div class=\"w-form-row-state\">Fill out this field<\/div>\r\n<\/div>\r\n<div class=\"w-form-row for_textarea\">\r\n\t\t<div class=\"w-form-row-field\">\r\n\t\t\t\t\t\t<textarea aria-label=\"Messages\" name=\"us_form_1_textarea_1\" placeholder=\"Messages\"><\/textarea>\r\n\t\t\t<\/div>\r\n\t\t<div class=\"w-form-row-state\">Fill out this field<\/div>\r\n<\/div>\r\n<input type=\"hidden\" name=\"action\" value=\"us_ajax_cform\" \/>\r\n<input type=\"hidden\" name=\"post_id\" value=\"0\" \/>\r\n<input type=\"hidden\" name=\"form_index\" value=\"1\" \/>\r\n<div class=\"w-form-row for_submit align_none\">\r\n\t<button class=\"w-btn  us-btn-style_1\" aria-label=\"Submit\" type=\"submit\">\r\n\t\t<span class=\"g-preloader type_1\"><\/span>\r\n\t\t\t\t<span class=\"w-btn-label\">Submit<\/span>\r\n\t\t\t<\/button>\r\n\t<\/div>\r\n<\/div><div class=\"w-form-message\"><\/div><div class=\"w-form-json hidden\" onclick='return {&quot;ajaxurl&quot;:&quot;https:\\\/\\\/taluinsaat.com\\\/wp-admin\\\/admin-ajax.php&quot;,&quot;messages&quot;:{&quot;err_empty&quot;:&quot;Fill out this field&quot;,&quot;err_size&quot;:&quot;File size cannot exceed %s MB&quot;,&quot;err_extension&quot;:&quot;%s file type is not allowed&quot;}}'><\/div><\/form><\/div><\/div><\/div><\/div><\/section>\n","protected":false},"excerpt":{"rendered":"TALU CONSTRUCT\u0130ON HEAD OFFICE+90 216 680 2323info@taluinsaat.comR\u00fczgarl\u0131bah\u00e7e Mah. Cumhuriyet Cad. No:22 Kat:5P.K:34805 G\u00fclsan Plaza Kavac\u0131k Beykoz \u0130stanbul\/T\u00dcRK\u0130YE TALU Construction Iraq Office+964 783 752 48 27info@taluinsaat.comSanaa District, Near Technological Science University, M305\/D1 Basra \/ Iraq TALU Construction Libya Office+90 534 950 83 81info@taluinsaat.comCentral Tripoli Street, Mizran Area, Tripoli \/ Libya Contact Us Fill out this field...","protected":false},"author":1,"featured_media":0,"parent":0,"menu_order":0,"comment_status":"closed","ping_status":"closed","template":"","meta":{"_acf_changed":false,"rank_math_lock_modified_date":false,"footnotes":""},"class_list":["post-606","page","type-page","status-publish","hentry"],"acf":[],"_links":{"self":[{"href":"https:\/\/taluinsaat.com\/index.php?rest_route=\/wp\/v2\/pages\/606","targetHints":{"allow":["GET"]}}],"collection":[{"href":"https:\/\/taluinsaat.com\/index.php?rest_route=\/wp\/v2\/pages"}],"about":[{"href":"https:\/\/taluinsaat.com\/index.php?rest_route=\/wp\/v2\/types\/page"}],"author":[{"embeddable":true,"href":"https:\/\/taluinsaat.com\/index.php?rest_route=\/wp\/v2\/users\/1"}],"replies":[{"embeddable":true,"href":"https:\/\/taluinsaat.com\/index.php?rest_route=%2Fwp%2Fv2%2Fcomments&post=606"}],"version-history":[{"count":7,"href":"https:\/\/taluinsaat.com\/index.php?rest_route=\/wp\/v2\/pages\/606\/revisions"}],"predecessor-version":[{"id":1323,"href":"https:\/\/taluinsaat.com\/index.php?rest_route=\/wp\/v2\/pages\/606\/revisions\/1323"}],"wp:attachment":[{"href":"https:\/\/taluinsaat.com\/index.php?rest_route=%2Fwp%2Fv2%2Fmedia&parent=606"}],"curies":[{"name":"wp","href":"https:\/\/api.w.org\/{rel}","templated":true}]}}