{"id":613,"date":"2022-06-08T22:51:48","date_gmt":"2022-06-08T22:51:48","guid":{"rendered":"https:\/\/taluinsaat.com\/?page_id=613"},"modified":"2023-11-05T22:45:43","modified_gmt":"2023-11-05T22:45:43","slug":"about","status":"publish","type":"page","link":"https:\/\/taluinsaat.com\/?page_id=613&lang=en","title":{"rendered":"About"},"content":{"rendered":"<section class=\"l-section wpb_row height_small\"><div class=\"l-section-h i-cf\"><div class=\"g-cols vc_row via_grid cols_1 laptops-cols_inherit tablets-cols_inherit mobiles-cols_1 valign_top type_default stacking_default\"><div class=\"wpb_column vc_column_container\"><div class=\"vc_column-inner\"><div class=\"w-image us_custom_5a4d11db style_shadow-2 align_center\"><div class=\"w-image-h\"><div class=\"w-image-shadow\" style=\"background-image:url(https:\/\/taluinsaat.com\/wp-content\/uploads\/2023\/07\/sun.jpg);\"><\/div><img decoding=\"async\" width=\"1376\" height=\"446\" src=\"https:\/\/taluinsaat.com\/wp-content\/uploads\/2023\/07\/sun.jpg\" class=\"attachment-full size-full\" alt=\"\" loading=\"lazy\" srcset=\"https:\/\/taluinsaat.com\/wp-content\/uploads\/2023\/07\/sun.jpg 1376w, https:\/\/taluinsaat.com\/wp-content\/uploads\/2023\/07\/sun-300x97.jpg 300w, https:\/\/taluinsaat.com\/wp-content\/uploads\/2023\/07\/sun-1024x332.jpg 1024w\" sizes=\"auto, (max-width: 1376px) 100vw, 1376px\" \/><\/div><\/div><div class=\"w-separator size_small\"><\/div><div class=\"w-text us_custom_3fcdadfd has_text_color\"><span class=\"w-text-h\"><span class=\"w-text-value\">Who we are<\/span><\/span><\/div><div class=\"wpb_text_column\"><div class=\"wpb_wrapper\"><p>TALU \u0130n\u015faat Sanayi ve Ticaret A.\u015e. was founded in 2019 by G\u00f6n\u00fcl Talu, Civil Engineer (M.Sc), a doyen from the sector, for the purpose of serving the sector thanks to his over 60 year experience and knowledge in more than 100 construction projects worth of total 30 Billion USD that have been successfully undertaken and completed for the public and private sector inland and abroad.<\/p>\n<\/div><\/div><\/div><\/div><\/div><\/div><\/section><section class=\"l-section wpb_row height_small\"><div class=\"l-section-h i-cf\"><div class=\"g-cols vc_row via_grid cols_2 laptops-cols_inherit tablets-cols_inherit mobiles-cols_1 valign_middle type_default stacking_default\" style=\"--gap:6vw;\"><div class=\"wpb_column vc_column_container\"><div class=\"vc_column-inner\"><div class=\"w-separator size_small\"><\/div><div class=\"wpb_text_column\"><div class=\"wpb_wrapper\"><p>With its staff having comprehensive experience in the field of contracting inland and abroad; Talu Construction strives to build remarkable and value-creating structures in our country and in the world. Operating based on the principle of completing each project \u2018with the best quality and on time\u2019, Talu Construction has an efficient workforce, experience and modern technology focused on realizing the construction of all types of superstructures and infrastructures, buildings, roads, highways, bridges, dams, shores and ports, treatment and environmental projects inland and abroad.<\/p>\n<\/div><\/div><div class=\"w-separator size_small\"><\/div><\/div><\/div><div class=\"wpb_column vc_column_container\"><div class=\"vc_column-inner\"><div class=\"w-image us_custom_5a4d11db style_shadow-2 align_none\"><div class=\"w-image-h\"><div class=\"w-image-shadow\" style=\"background-image:url(https:\/\/taluinsaat.com\/wp-content\/uploads\/2023\/07\/The-Land-Buying-Minefield-Orta-1024x683.jpg);\"><\/div><img decoding=\"async\" width=\"1024\" height=\"683\" src=\"https:\/\/taluinsaat.com\/wp-content\/uploads\/2023\/07\/The-Land-Buying-Minefield-Orta-1024x683.jpg\" class=\"attachment-large size-large\" alt=\"\" loading=\"lazy\" srcset=\"https:\/\/taluinsaat.com\/wp-content\/uploads\/2023\/07\/The-Land-Buying-Minefield-Orta-1024x683.jpg 1024w, https:\/\/taluinsaat.com\/wp-content\/uploads\/2023\/07\/The-Land-Buying-Minefield-Orta-300x200.jpg 300w, https:\/\/taluinsaat.com\/wp-content\/uploads\/2023\/07\/The-Land-Buying-Minefield-Orta.jpg 1152w\" sizes=\"auto, (max-width: 1024px) 100vw, 1024px\" \/><\/div><\/div><\/div><\/div><\/div><\/div><\/section>\n","protected":false},"excerpt":{"rendered":"Who we areTALU \u0130n\u015faat Sanayi ve Ticaret A.\u015e. was founded in 2019 by G\u00f6n\u00fcl Talu, Civil Engineer (M.Sc), a doyen from the sector, for the purpose of serving the sector thanks to his over 60 year experience and knowledge in more than 100 construction projects worth of total 30 Billion USD that have been successfully...","protected":false},"author":1,"featured_media":0,"parent":0,"menu_order":0,"comment_status":"closed","ping_status":"closed","template":"","meta":{"_acf_changed":false,"rank_math_lock_modified_date":false,"footnotes":""},"class_list":["post-613","page","type-page","status-publish","hentry"],"acf":[],"_links":{"self":[{"href":"https:\/\/taluinsaat.com\/index.php?rest_route=\/wp\/v2\/pages\/613","targetHints":{"allow":["GET"]}}],"collection":[{"href":"https:\/\/taluinsaat.com\/index.php?rest_route=\/wp\/v2\/pages"}],"about":[{"href":"https:\/\/taluinsaat.com\/index.php?rest_route=\/wp\/v2\/types\/page"}],"author":[{"embeddable":true,"href":"https:\/\/taluinsaat.com\/index.php?rest_route=\/wp\/v2\/users\/1"}],"replies":[{"embeddable":true,"href":"https:\/\/taluinsaat.com\/index.php?rest_route=%2Fwp%2Fv2%2Fcomments&post=613"}],"version-history":[{"count":3,"href":"https:\/\/taluinsaat.com\/index.php?rest_route=\/wp\/v2\/pages\/613\/revisions"}],"predecessor-version":[{"id":1036,"href":"https:\/\/taluinsaat.com\/index.php?rest_route=\/wp\/v2\/pages\/613\/revisions\/1036"}],"wp:attachment":[{"href":"https:\/\/taluinsaat.com\/index.php?rest_route=%2Fwp%2Fv2%2Fmedia&parent=613"}],"curies":[{"name":"wp","href":"https:\/\/api.w.org\/{rel}","templated":true}]}}