{"id":619,"date":"2022-06-08T22:55:00","date_gmt":"2022-06-08T22:55:00","guid":{"rendered":"https:\/\/taluinsaat.com\/?page_id=619"},"modified":"2022-06-09T07:02:49","modified_gmt":"2022-06-09T07:02:49","slug":"our-founder","status":"publish","type":"page","link":"https:\/\/taluinsaat.com\/?page_id=619&lang=en","title":{"rendered":"Our Founder"},"content":{"rendered":"<section class=\"l-section wpb_row height_small\"><div class=\"l-section-h i-cf\"><div class=\"g-cols vc_row via_grid cols_3-2 laptops-cols_inherit tablets-cols_inherit mobiles-cols_1 valign_middle type_default stacking_default\" style=\"--gap:0rem;\"><div class=\"wpb_column vc_column_container us_custom_fe2b2099 has_bg_color\"><div class=\"vc_column-inner\"><div class=\"wpb_text_column\"><div class=\"wpb_wrapper\"><h2><strong>G\u00f6n\u00fcl TALU<\/strong><\/h2>\n<p>Born in Elaz\u0131\u011f in 1938, Mr. G\u00f6n\u00fcl Talu was graduated from Istanbul Technical University, Department of Civil Engineering in 1960. Started his career in the construction sector as a young engineer, he had worked as a freelancer and then joined Do\u011fu\u015f Construction, which is one of the leading construction firms in our country. After working as Project Manager and General Manager, he served as the Chairman of the Board of Directors of Do\u011fu\u015f Construction and as the Member of the Board of Directors of Do\u011fu\u015f Holding for over 30 years. Mr. Talu has successfully completed over 100 major projects worth of 30 billion USD inland and abroad thanks to his 60-year experience in the sector.<\/p>\n<\/div><\/div><div class=\"w-separator size_small\"><\/div><\/div><\/div><div class=\"wpb_column vc_column_container us_custom_d0c8a77b\"><div class=\"vc_column-inner\"><div class=\"w-image style_shadow-1 align_right\"><div class=\"w-image-h\"><img decoding=\"async\" width=\"350\" height=\"350\" src=\"https:\/\/taluinsaat.com\/wp-content\/uploads\/2022\/04\/gonul_talu_portre-350x500-1-e1652885064719.jpg\" class=\"attachment-full size-full\" alt=\"\" loading=\"lazy\" srcset=\"https:\/\/taluinsaat.com\/wp-content\/uploads\/2022\/04\/gonul_talu_portre-350x500-1-e1652885064719.jpg 350w, https:\/\/taluinsaat.com\/wp-content\/uploads\/2022\/04\/gonul_talu_portre-350x500-1-e1652885064719-300x300.jpg 300w, https:\/\/taluinsaat.com\/wp-content\/uploads\/2022\/04\/gonul_talu_portre-350x500-1-e1652885064719-150x150.jpg 150w\" sizes=\"auto, (max-width: 350px) 100vw, 350px\" \/><\/div><\/div><\/div><\/div><\/div><\/div><\/section><section class=\"l-section wpb_row height_auto\"><div class=\"l-section-h i-cf\"><div class=\"g-cols vc_row via_grid cols_1 laptops-cols_inherit tablets-cols_inherit mobiles-cols_1 valign_top type_default stacking_default\"><div class=\"wpb_column vc_column_container\"><div class=\"vc_column-inner\"><div class=\"wpb_text_column\"><div class=\"wpb_wrapper\"><p>Mr. Talu, who is also a member of the High Advisory Committee of the Turkish Contractors Association (TMB) and a member of the Construction Industrialists Employer Union (\u0130NTES), has always placed importance to continuous improvement by combining his vast experience and knowledge with modern working methods and construction technologies. He has achieved significant breakthroughs in the field of contracting in Turkey, developing projects across a wide range of geographies around the world and making successful partnerships with many reputable global construction companies.<br \/>\nIn construction, the most important asset is people. It is easy to select the right machines and good technologies, however; it is quite hard to find the right people that have full respect for their jobs and professions and who are truly committed to doing their jobs.<\/p>\n<p>Based on the principle of There is No Rest For The Weary\u2019\u2019, G\u00f6n\u00fcl Talu founded TALU \u0130n\u015faat Sanayi ve Ticaret Anonim \u015eirketi in 2019 to serve the construction sector thanks to his vast knowledge and experience in his 60-year professional career.<\/p>\n<p>As a company that consists of employees, engineers and managers that place importance to teamwork and that can continuously improve themselves; the biggest capital of Talu Construction is its experience. It will be definitely constructing many new roads, bridges and dams on different continents around the world.<br \/>\nTalu Construction will represent the Turkish Construction Sector with high standards; maintain its position in the sector with its trustworthy and reputable image by building better, higher-quality and sustainable living conditions for people.<\/p>\n<p>The biggest goal of Talu Construction is to implement successful projects, ensure sustainable growth and strengthen its corporate infrastructure in order to further develop the Turkish Construction Sector.<\/p>\n<\/div><\/div><\/div><\/div><\/div><\/div><\/section><section class=\"l-section wpb_row height_medium\"><div class=\"l-section-h i-cf\"><div class=\"g-cols vc_row via_grid cols_1 laptops-cols_inherit tablets-cols_inherit mobiles-cols_1 valign_top type_default stacking_default\"><div class=\"wpb_column vc_column_container\"><div class=\"vc_column-inner\"><div class=\"wpb_text_column us_custom_1b6d8d31 has_text_color\"><div class=\"wpb_wrapper\"><p style=\"text-align: center;\"><strong>The story of Talu Construction was explained by Mr. G\u00f6n\u00fcl Talu as follows:<\/p>\n<p><\/strong><\/p>\n<\/div><\/div><div class=\"wpb_text_column us_custom_84bab623 has_text_color\"><div class=\"wpb_wrapper\"><p><em>I will try to explain how Talu Construction was created:<\/em><\/p>\n<p><em>I was graduated from Istanbul Technical University, Faculty of Construction, Department of Civil Engineering as Civil Engineer (M.Sc) in 1961. I had worked as chief of various construction sites in the Highways Authority, had experience in the private sector and built structures as a private contractor until 1969. I had worked as a contractor and completed projects for the Highways Authority. In 1969, I started to work at Do\u011fu\u015f Construction for 50 years uninterruptedly. I served as Project Manager and General Manager in the first 15 years of such 50 years, and as Chairman of Board of Directors and Executive Director in the last 35 years.<\/em><\/p>\n<p><em>I have managed some 150 projects with total value more than 30 Billion USD inland and abroad. Particularly, I have completed and timely delivered projects in all lines of infrastructure construction such as dams, highways, railways, metros, viaducts, bridges, airports, maritime constructions and various environmental projects in Turkey and many other countries such as Yemen, Libya, Saudi Arabia, Kazakhstan, Ukraine, Bulgaria, Morocco, Qatar and India.<\/em><\/p>\n<p><em>I founded Talu Construction to operate in the field of infrastructure construction thanks to my 60 year experience in the sector. The biggest asset of Talu Construction is its staff that is highly experienced in construction. Managers, engineers and foremen that have been trained over the course of time are our biggest strength.<\/em><\/p>\n<p><em>Good Luck to All of Us\u2018<\/em><\/p>\n<p><strong>G\u00f6n\u00fcl Talu<\/strong><br \/>\nChairman<\/p>\n<\/div><\/div><div class=\"w-separator size_small\"><\/div><div class=\"w-grid type_grid layout_124 cols_3\" id=\"us_grid_1\" style=\"--gap:1.5rem;\" data-filterable=\"true\"><style>@media (max-width:1024px){#us_grid_1 .w-grid-item{width:50%}}@media (max-width:600px){#us_grid_1 .w-grid-list{margin:0}#us_grid_1 .w-grid-item{width:100%;padding:0;margin-bottom:var(--gap,0px)}}.layout_124 .w-grid-item-h{}.layout_124 .usg_post_image_1{transition-duration:0.3s;transform-origin:50% 50%;transform:scale(1) translate(0%,0%)}.layout_124 .w-grid-item-h:hover .usg_post_image_1{transform:scale(1.15) translate(0%,0%);opacity:1}.layout_124 .usg_post_title_1{transition-duration:0.3s;transform-origin:50% 50%;transform:scale(1) translate(0%,0%)}.layout_124 .w-grid-item-h:hover .usg_post_title_1{transform:scale(1) translate(0%,0%);opacity:0}.layout_124 .usg_post_image_1{border-radius:0.3rem!important}.layout_124 .usg_post_title_1{color:var(--color-chrome-toolbar)!important;text-align:center!important;font-family:Courgette!important;font-size:20px!important;margin-top:0.5rem!important}<\/style><div class=\"w-grid-list\">\t<article class=\"w-grid-item size_1x1 post-245 attachment type-attachment status-inherit hentry\" data-id=\"245\">\r\n\t\t<div class=\"w-grid-item-h\">\r\n\t\t\t\t\t\t\t<a ref=\"magnificPopupGrid\" href=\"https:\/\/taluinsaat.com\/wp-content\/uploads\/2022\/04\/Cumhurbaskani-Recep-Tayyip-Erdogan-ile-2014-Yurtdisi-Muteahhitlik-odulu-alirken.jpg\" class=\"w-grid-item-anchor\" aria-label=\"DOGUS INSAAT YONETIM KURULU BASKANI GONUL TALU. (RIZA OZEL \/ ANKARA)\"><\/a>\r\n\t\t\t\t\t\t<div class=\"w-post-elm post_image usg_post_image_1 has_ratio\"><img loading=\"lazy\" decoding=\"async\" width=\"1000\" height=\"667\" src=\"https:\/\/taluinsaat.com\/wp-content\/uploads\/2022\/04\/Cumhurbaskani-Recep-Tayyip-Erdogan-ile-2014-Yurtdisi-Muteahhitlik-odulu-alirken.jpg\" class=\"attachment-full size-full\" alt=\"\" srcset=\"https:\/\/taluinsaat.com\/wp-content\/uploads\/2022\/04\/Cumhurbaskani-Recep-Tayyip-Erdogan-ile-2014-Yurtdisi-Muteahhitlik-odulu-alirken.jpg 1000w, https:\/\/taluinsaat.com\/wp-content\/uploads\/2022\/04\/Cumhurbaskani-Recep-Tayyip-Erdogan-ile-2014-Yurtdisi-Muteahhitlik-odulu-alirken-300x200.jpg 300w\" sizes=\"auto, (max-width: 1000px) 100vw, 1000px\" \/><div style=\"padding-bottom:75%\"><\/div><\/div><p class=\"w-post-elm post_title usg_post_title_1 has_text_color align_center entry-title\">Recep Tayyip Erdo\u011fan \u0130le<\/p>\t\t<\/div>\r\n\t\t\t<\/article>\r\n\t<article class=\"w-grid-item size_1x1 post-236 attachment type-attachment status-inherit hentry\" data-id=\"236\">\r\n\t\t<div class=\"w-grid-item-h\">\r\n\t\t\t\t\t\t\t<a ref=\"magnificPopupGrid\" href=\"https:\/\/taluinsaat.com\/wp-content\/uploads\/2022\/04\/Bulgaristan-Basbakani-Boyko-Borisov-ile.jpg\" class=\"w-grid-item-anchor\" aria-label=\"Bulgaristan Ba\u015fbakan\u0131 Boyko Borisov ile\"><\/a>\r\n\t\t\t\t\t\t<div class=\"w-post-elm post_image usg_post_image_1 has_ratio\"><img loading=\"lazy\" decoding=\"async\" width=\"1000\" height=\"723\" src=\"https:\/\/taluinsaat.com\/wp-content\/uploads\/2022\/04\/Bulgaristan-Basbakani-Boyko-Borisov-ile.jpg\" class=\"attachment-full size-full\" alt=\"\" srcset=\"https:\/\/taluinsaat.com\/wp-content\/uploads\/2022\/04\/Bulgaristan-Basbakani-Boyko-Borisov-ile.jpg 1000w, https:\/\/taluinsaat.com\/wp-content\/uploads\/2022\/04\/Bulgaristan-Basbakani-Boyko-Borisov-ile-300x217.jpg 300w\" sizes=\"auto, (max-width: 1000px) 100vw, 1000px\" \/><div style=\"padding-bottom:75%\"><\/div><\/div><p class=\"w-post-elm post_title usg_post_title_1 has_text_color align_center entry-title\">Bulgaristan Ba\u015fbakan\u0131 Boyko Borisov ile<\/p>\t\t<\/div>\r\n\t\t\t<\/article>\r\n\t<article class=\"w-grid-item size_1x1 post-243 attachment type-attachment status-inherit hentry\" data-id=\"243\">\r\n\t\t<div class=\"w-grid-item-h\">\r\n\t\t\t\t\t\t\t<a ref=\"magnificPopupGrid\" href=\"https:\/\/taluinsaat.com\/wp-content\/uploads\/2022\/04\/Eski-almanya-Basbakani-Schroder-ile.jpg\" class=\"w-grid-item-anchor\" aria-label=\"Eski Almanya Ba\u015fbakan\u0131 Schr\u00f6der ile\"><\/a>\r\n\t\t\t\t\t\t<div class=\"w-post-elm post_image usg_post_image_1 has_ratio\"><img loading=\"lazy\" decoding=\"async\" width=\"1000\" height=\"695\" src=\"https:\/\/taluinsaat.com\/wp-content\/uploads\/2022\/04\/Eski-almanya-Basbakani-Schroder-ile.jpg\" class=\"attachment-full size-full\" alt=\"\" srcset=\"https:\/\/taluinsaat.com\/wp-content\/uploads\/2022\/04\/Eski-almanya-Basbakani-Schroder-ile.jpg 1000w, https:\/\/taluinsaat.com\/wp-content\/uploads\/2022\/04\/Eski-almanya-Basbakani-Schroder-ile-300x209.jpg 300w\" sizes=\"auto, (max-width: 1000px) 100vw, 1000px\" \/><div style=\"padding-bottom:75%\"><\/div><\/div><p class=\"w-post-elm post_title usg_post_title_1 has_text_color align_center entry-title\">Eski Almanya Ba\u015fbakan\u0131 Schr\u00f6der ile<\/p>\t\t<\/div>\r\n\t\t\t<\/article>\r\n\t<article class=\"w-grid-item size_1x1 post-240 attachment type-attachment status-inherit hentry\" data-id=\"240\">\r\n\t\t<div class=\"w-grid-item-h\">\r\n\t\t\t\t\t\t\t<a ref=\"magnificPopupGrid\" href=\"https:\/\/taluinsaat.com\/wp-content\/uploads\/2022\/04\/IMG_20170927_0022.jpg\" class=\"w-grid-item-anchor\" aria-label><\/a>\r\n\t\t\t\t\t\t<div class=\"w-post-elm post_image usg_post_image_1 has_ratio\"><img loading=\"lazy\" decoding=\"async\" width=\"1000\" height=\"704\" src=\"https:\/\/taluinsaat.com\/wp-content\/uploads\/2022\/04\/IMG_20170927_0022.jpg\" class=\"attachment-full size-full\" alt=\"\" srcset=\"https:\/\/taluinsaat.com\/wp-content\/uploads\/2022\/04\/IMG_20170927_0022.jpg 1000w, https:\/\/taluinsaat.com\/wp-content\/uploads\/2022\/04\/IMG_20170927_0022-300x211.jpg 300w\" sizes=\"auto, (max-width: 1000px) 100vw, 1000px\" \/><div style=\"padding-bottom:75%\"><\/div><\/div><p class=\"w-post-elm post_title usg_post_title_1 has_text_color align_center entry-title\"><\/p>\t\t<\/div>\r\n\t\t\t<\/article>\r\n\t<article class=\"w-grid-item size_1x1 post-246 attachment type-attachment status-inherit hentry\" data-id=\"246\">\r\n\t\t<div class=\"w-grid-item-h\">\r\n\t\t\t\t\t\t\t<a ref=\"magnificPopupGrid\" href=\"https:\/\/taluinsaat.com\/wp-content\/uploads\/2022\/04\/Abdullah-Gul-ile.jpg\" class=\"w-grid-item-anchor\" aria-label=\"Abdullah G\u00fcl \u0130le\"><\/a>\r\n\t\t\t\t\t\t<div class=\"w-post-elm post_image usg_post_image_1 has_ratio\"><img loading=\"lazy\" decoding=\"async\" width=\"1000\" height=\"725\" src=\"https:\/\/taluinsaat.com\/wp-content\/uploads\/2022\/04\/Abdullah-Gul-ile.jpg\" class=\"attachment-full size-full\" alt=\"\" srcset=\"https:\/\/taluinsaat.com\/wp-content\/uploads\/2022\/04\/Abdullah-Gul-ile.jpg 1000w, https:\/\/taluinsaat.com\/wp-content\/uploads\/2022\/04\/Abdullah-Gul-ile-300x218.jpg 300w\" sizes=\"auto, (max-width: 1000px) 100vw, 1000px\" \/><div style=\"padding-bottom:75%\"><\/div><\/div><p class=\"w-post-elm post_title usg_post_title_1 has_text_color align_center entry-title\">Abdullah G\u00fcl \u0130le<\/p>\t\t<\/div>\r\n\t\t\t<\/article>\r\n\t<article class=\"w-grid-item size_1x1 post-237 attachment type-attachment status-inherit hentry\" data-id=\"237\">\r\n\t\t<div class=\"w-grid-item-h\">\r\n\t\t\t\t\t\t\t<a ref=\"magnificPopupGrid\" href=\"https:\/\/taluinsaat.com\/wp-content\/uploads\/2022\/04\/Turgut-Ozal-ile.jpg\" class=\"w-grid-item-anchor\" aria-label=\"Turgut \u00d6zal ile\"><\/a>\r\n\t\t\t\t\t\t<div class=\"w-post-elm post_image usg_post_image_1 has_ratio\"><img loading=\"lazy\" decoding=\"async\" width=\"1000\" height=\"738\" src=\"https:\/\/taluinsaat.com\/wp-content\/uploads\/2022\/04\/Turgut-Ozal-ile.jpg\" class=\"attachment-full size-full\" alt=\"\" srcset=\"https:\/\/taluinsaat.com\/wp-content\/uploads\/2022\/04\/Turgut-Ozal-ile.jpg 1000w, https:\/\/taluinsaat.com\/wp-content\/uploads\/2022\/04\/Turgut-Ozal-ile-300x221.jpg 300w\" sizes=\"auto, (max-width: 1000px) 100vw, 1000px\" \/><div style=\"padding-bottom:75%\"><\/div><\/div><p class=\"w-post-elm post_title usg_post_title_1 has_text_color align_center entry-title\">Turgut \u00d6zal ile<\/p>\t\t<\/div>\r\n\t\t\t<\/article>\r\n\t<article class=\"w-grid-item size_1x1 post-238 attachment type-attachment status-inherit hentry\" data-id=\"238\">\r\n\t\t<div class=\"w-grid-item-h\">\r\n\t\t\t\t\t\t\t<a ref=\"magnificPopupGrid\" href=\"https:\/\/taluinsaat.com\/wp-content\/uploads\/2022\/04\/IMG_20171004_0042.jpg\" class=\"w-grid-item-anchor\" aria-label><\/a>\r\n\t\t\t\t\t\t<div class=\"w-post-elm post_image usg_post_image_1 has_ratio\"><img loading=\"lazy\" decoding=\"async\" width=\"1000\" height=\"709\" src=\"https:\/\/taluinsaat.com\/wp-content\/uploads\/2022\/04\/IMG_20171004_0042.jpg\" class=\"attachment-full size-full\" alt=\"\" srcset=\"https:\/\/taluinsaat.com\/wp-content\/uploads\/2022\/04\/IMG_20171004_0042.jpg 1000w, https:\/\/taluinsaat.com\/wp-content\/uploads\/2022\/04\/IMG_20171004_0042-300x213.jpg 300w\" sizes=\"auto, (max-width: 1000px) 100vw, 1000px\" \/><div style=\"padding-bottom:75%\"><\/div><\/div><p class=\"w-post-elm post_title usg_post_title_1 has_text_color align_center entry-title\"><\/p>\t\t<\/div>\r\n\t\t\t<\/article>\r\n\t<article class=\"w-grid-item size_1x1 post-241 attachment type-attachment status-inherit hentry\" data-id=\"241\">\r\n\t\t<div class=\"w-grid-item-h\">\r\n\t\t\t\t\t\t\t<a ref=\"magnificPopupGrid\" href=\"https:\/\/taluinsaat.com\/wp-content\/uploads\/2022\/04\/IMG_20170927_0007.jpg\" class=\"w-grid-item-anchor\" aria-label><\/a>\r\n\t\t\t\t\t\t<div class=\"w-post-elm post_image usg_post_image_1 has_ratio\"><img loading=\"lazy\" decoding=\"async\" width=\"1000\" height=\"692\" src=\"https:\/\/taluinsaat.com\/wp-content\/uploads\/2022\/04\/IMG_20170927_0007.jpg\" class=\"attachment-full size-full\" alt=\"\" srcset=\"https:\/\/taluinsaat.com\/wp-content\/uploads\/2022\/04\/IMG_20170927_0007.jpg 1000w, https:\/\/taluinsaat.com\/wp-content\/uploads\/2022\/04\/IMG_20170927_0007-300x208.jpg 300w\" sizes=\"auto, (max-width: 1000px) 100vw, 1000px\" \/><div style=\"padding-bottom:75%\"><\/div><\/div><p class=\"w-post-elm post_title usg_post_title_1 has_text_color align_center entry-title\"><\/p>\t\t<\/div>\r\n\t\t\t<\/article>\r\n\t<article class=\"w-grid-item size_1x1 post-242 attachment type-attachment status-inherit hentry\" data-id=\"242\">\r\n\t\t<div class=\"w-grid-item-h\">\r\n\t\t\t\t\t\t\t<a ref=\"magnificPopupGrid\" href=\"https:\/\/taluinsaat.com\/wp-content\/uploads\/2022\/04\/IMG_20170927_0008.jpg\" class=\"w-grid-item-anchor\" aria-label><\/a>\r\n\t\t\t\t\t\t<div class=\"w-post-elm post_image usg_post_image_1 has_ratio\"><img loading=\"lazy\" decoding=\"async\" width=\"1000\" height=\"704\" src=\"https:\/\/taluinsaat.com\/wp-content\/uploads\/2022\/04\/IMG_20170927_0008.jpg\" class=\"attachment-full size-full\" alt=\"\" srcset=\"https:\/\/taluinsaat.com\/wp-content\/uploads\/2022\/04\/IMG_20170927_0008.jpg 1000w, https:\/\/taluinsaat.com\/wp-content\/uploads\/2022\/04\/IMG_20170927_0008-300x211.jpg 300w\" sizes=\"auto, (max-width: 1000px) 100vw, 1000px\" \/><div style=\"padding-bottom:75%\"><\/div><\/div><p class=\"w-post-elm post_title usg_post_title_1 has_text_color align_center entry-title\"><\/p>\t\t<\/div>\r\n\t\t\t<\/article>\r\n\t<article class=\"w-grid-item size_1x1 post-244 attachment type-attachment status-inherit hentry\" data-id=\"244\">\r\n\t\t<div class=\"w-grid-item-h\">\r\n\t\t\t\t\t\t\t<a ref=\"magnificPopupGrid\" href=\"https:\/\/taluinsaat.com\/wp-content\/uploads\/2022\/04\/Eski-Devlet-Bakani-Kamran-Inan-ile.jpg\" class=\"w-grid-item-anchor\" aria-label=\"Eski Devlet Bakan\u0131 Kamran \u0130nan ile\"><\/a>\r\n\t\t\t\t\t\t<div class=\"w-post-elm post_image usg_post_image_1 has_ratio\"><img loading=\"lazy\" decoding=\"async\" width=\"1000\" height=\"675\" src=\"https:\/\/taluinsaat.com\/wp-content\/uploads\/2022\/04\/Eski-Devlet-Bakani-Kamran-Inan-ile.jpg\" class=\"attachment-full size-full\" alt=\"\" srcset=\"https:\/\/taluinsaat.com\/wp-content\/uploads\/2022\/04\/Eski-Devlet-Bakani-Kamran-Inan-ile.jpg 1000w, https:\/\/taluinsaat.com\/wp-content\/uploads\/2022\/04\/Eski-Devlet-Bakani-Kamran-Inan-ile-300x203.jpg 300w\" sizes=\"auto, (max-width: 1000px) 100vw, 1000px\" \/><div style=\"padding-bottom:75%\"><\/div><\/div><p class=\"w-post-elm post_title usg_post_title_1 has_text_color align_center entry-title\">Eski Devlet Bakan\u0131 Kamran \u0130nan ile<\/p>\t\t<\/div>\r\n\t\t\t<\/article>\r\n<\/div><div class=\"w-grid-preloader\">\t<div class=\"g-preloader type_1\">\r\n\t\t<div><\/div>\r\n\t<\/div>\r\n\t<\/div>\t<div class=\"w-grid-json hidden\" onclick='return {&quot;action&quot;:&quot;us_ajax_grid&quot;,&quot;infinite_scroll&quot;:0,&quot;max_num_pages&quot;:2,&quot;pagination&quot;:&quot;none&quot;,&quot;template_vars&quot;:{&quot;columns&quot;:&quot;3&quot;,&quot;exclude_items&quot;:&quot;none&quot;,&quot;img_size&quot;:&quot;default&quot;,&quot;ignore_items_size&quot;:0,&quot;items_layout&quot;:&quot;124&quot;,&quot;items_offset&quot;:&quot;1&quot;,&quot;load_animation&quot;:&quot;none&quot;,&quot;overriding_link&quot;:&quot;%7B%22type%22%3A%22popup_image%22%7D&quot;,&quot;post_id&quot;:0,&quot;query_args&quot;:{&quot;post_type&quot;:[&quot;attachment&quot;],&quot;post__in&quot;:[&quot;245&quot;,&quot;236&quot;,&quot;243&quot;,&quot;240&quot;,&quot;246&quot;,&quot;237&quot;,&quot;238&quot;,&quot;241&quot;,&quot;242&quot;,&quot;244&quot;,&quot;257&quot;],&quot;post_status&quot;:&quot;inherit&quot;,&quot;post_mime_type&quot;:&quot;image&quot;,&quot;posts_per_page&quot;:&quot;10&quot;},&quot;orderby_query_args&quot;:{&quot;orderby&quot;:{&quot;post__in&quot;:&quot;ASC&quot;},&quot;order&quot;:&quot;ASC&quot;},&quot;type&quot;:&quot;grid&quot;,&quot;us_grid_post_type&quot;:&quot;attachment&quot;,&quot;us_grid_ajax_index&quot;:1,&quot;us_grid_filter_query_string&quot;:null,&quot;us_grid_index&quot;:1,&quot;page_args&quot;:[]}}'><\/div>\r\n\t<\/div><\/div><\/div><\/div><\/div><\/section>\n","protected":false},"excerpt":{"rendered":"","protected":false},"author":1,"featured_media":0,"parent":0,"menu_order":0,"comment_status":"closed","ping_status":"closed","template":"","meta":{"_acf_changed":false,"rank_math_lock_modified_date":false,"footnotes":""},"class_list":["post-619","page","type-page","status-publish","hentry"],"acf":[],"_links":{"self":[{"href":"https:\/\/taluinsaat.com\/index.php?rest_route=\/wp\/v2\/pages\/619","targetHints":{"allow":["GET"]}}],"collection":[{"href":"https:\/\/taluinsaat.com\/index.php?rest_route=\/wp\/v2\/pages"}],"about":[{"href":"https:\/\/taluinsaat.com\/index.php?rest_route=\/wp\/v2\/types\/page"}],"author":[{"embeddable":true,"href":"https:\/\/taluinsaat.com\/index.php?rest_route=\/wp\/v2\/users\/1"}],"replies":[{"embeddable":true,"href":"https:\/\/taluinsaat.com\/index.php?rest_route=%2Fwp%2Fv2%2Fcomments&post=619"}],"version-history":[{"count":7,"href":"https:\/\/taluinsaat.com\/index.php?rest_route=\/wp\/v2\/pages\/619\/revisions"}],"predecessor-version":[{"id":683,"href":"https:\/\/taluinsaat.com\/index.php?rest_route=\/wp\/v2\/pages\/619\/revisions\/683"}],"wp:attachment":[{"href":"https:\/\/taluinsaat.com\/index.php?rest_route=%2Fwp%2Fv2%2Fmedia&parent=619"}],"curies":[{"name":"wp","href":"https:\/\/api.w.org\/{rel}","templated":true}]}}